{"id":104,"date":"2020-05-15T12:54:07","date_gmt":"2020-05-15T12:54:07","guid":{"rendered":"http:\/\/solutionpack.comtime.com\/?page_id=104"},"modified":"2021-04-19T17:16:51","modified_gmt":"2021-04-19T21:16:51","slug":"current-past-projects","status":"publish","type":"page","link":"https:\/\/www.ccendustriyel.com\/tr\/current-past-projects\/","title":{"rendered":"Lastik \u00dcreticilerine \u00d6zel Projeler"},"content":{"rendered":"<div class=\"wp-block-image\"><figure class=\"alignleft size-full\"><img loading=\"lazy\" decoding=\"async\" width=\"1200\" height=\"160\" src=\"https:\/\/www.ccendustriyel.com\/wp-content\/uploads\/2020\/11\/case-study-template-final.jpg\" alt=\"\" class=\"wp-image-362\" srcset=\"https:\/\/www.ccendustriyel.com\/wp-content\/uploads\/2020\/11\/case-study-template-final.jpg 1200w, https:\/\/www.ccendustriyel.com\/wp-content\/uploads\/2020\/11\/case-study-template-final-300x40.jpg 300w, https:\/\/www.ccendustriyel.com\/wp-content\/uploads\/2020\/11\/case-study-template-final-1024x137.jpg 1024w, https:\/\/www.ccendustriyel.com\/wp-content\/uploads\/2020\/11\/case-study-template-final-768x102.jpg 768w, https:\/\/www.ccendustriyel.com\/wp-content\/uploads\/2020\/11\/case-study-template-final-16x2.jpg 16w\" sizes=\"auto, (max-width: 1200px) 100vw, 1200px\" \/><\/figure><\/div>\n\n\n\n<p class=\"float:left; has-medium-font-size\"><span class=\"has-inline-color has-vivid-red-color\">\u00d6RNEK OLAY 1:<\/span> Kau\u00e7uk kar\u0131\u015f\u0131mlardaki muhtemel Metal   Par\u00e7ac\u0131klar\u0131n Tespiti ve Ay\u0131r\u0131lmas\u0131&nbsp;<\/p>\n\n\n\n<p class=\"has-medium-font-size translation-block\">Bir lastik fabrikas\u0131, metal dedekt\u00f6rlerinden \u00e7ok say\u0131da yanl\u0131\u015f alarm veriyordu ve bu da \u00fcretkenlikte d\u00fc\u015f\u00fc\u015fe neden olan zorunlu \u00fcretim duru\u015flar\u0131na neden oluyordu.<\/p>\n\n\n\n<p class=\"has-medium-font-size\">\u0130\u015flenmekte olan kau\u00e7uktaki metal par\u00e7alar\u0131n tespit edilmesi (\u00f6rne\u011fin, kalenderleme, ekstr\u00fczyon) \u00e7ok kritiktir ve bunlar, kau\u00e7uk \u00fcr\u00fcnler veya lastik \u00fcretim tesislerinde kritik s\u00fcre\u00e7lerdir. Metalleri tespit etmeyi ka\u00e7\u0131r\u0131rsan\u0131z ne olur? Perdahlamada, kalender silindirlerinize zarar verirsiniz. Ekstr\u00fczyonda; namlunuzdaki vidaya zarar verirsiniz. Bu, d\u00fczeltilmesi \u00e7ok riskli ve maliyetli bir sonu\u00e7tur.<\/p>\n\n\n\n<p class=\"has-medium-font-size\">Bu nedenle metal dedekt\u00f6rler yukar\u0131da da bahsedildi\u011fi gibi hasar riski oldu\u011funda kurulur. Yine de yanl\u0131\u015f uygulamadan veya uygunsuz metal dedekt\u00f6r kullan\u0131m\u0131ndan kaynaklanan ba\u015fka bir sorun var; bu, metal dedekt\u00f6r\u00fcnden verilen Yanl\u0131\u015f Alarm sinyalidir. \u00c7\u00fcnk\u00fc her yanl\u0131\u015f alarm, metalin durmas\u0131 ve s\u00f6k\u00fclmesi i\u00e7in kontrol edilmesi nedeniyle \u00fcretim kay\u0131plar\u0131na neden olur. Birka\u00e7 saat i\u00e7inde s\u0131k s\u0131k meydana geldi\u011finde operat\u00f6r i\u00e7in can s\u0131k\u0131c\u0131 bir m\u00fcdahale haline gelebilir.<\/p>\n\n\n\n<p class=\"has-medium-font-size\"><span class=\"has-inline-color has-vivid-red-color\">\u00c7\u00d6Z\u00dcM:<\/span> Koral fabrikay\u0131 ziyaret etti ve metal dedekt\u00f6rlerini ara\u015ft\u0131rd\u0131, k\u0131sa s\u00fcre sonra s\u0131n\u0131rlar\u0131n\u0131 ke\u015ffetti. Daha g\u00fcvenilir bir metal alg\u0131lama sistemi i\u00e7in tedarik\u00e7ileri ara\u015ft\u0131rmaya ba\u015flad\u0131. T\u00fcrkiye ve d\u00fcnyadaki tedarik\u00e7ilerle konu\u015ftuktan sonra ayn\u0131 hafta Almanya'ya giden Koral, do\u011frulama testi d\u00f6nemi i\u00e7in \u00fc\u00e7 \u00fcnite sa\u011flayan bir Alman metal dedekt\u00f6r\u00fc tedarik\u00e7isiyle g\u00f6r\u00fc\u015ft\u00fc. Yeni metal dedekt\u00f6rleri, yanl\u0131\u015f alarmlar\u0131n say\u0131s\u0131n\u0131 \u00f6nemli \u00f6l\u00e7\u00fcde azaltarak m\u00fc\u015fterinin dedekt\u00f6rleri sat\u0131n almas\u0131na neden oldu.<\/p>\n\n\n\n<p class=\"has-medium-font-size\"><span class=\"has-inline-color has-vivid-red-color\">SONU\u00c7:<\/span> Bu fabrikada yanl\u0131\u015f alarm vakalar\u0131 \u00f6nemli \u00f6l\u00e7\u00fcde d\u00fc\u015ft\u00fc. B\u00f6lgedeki di\u011fer fabrikalar \u00fcretim art\u0131\u015f\u0131n\u0131 ve yanl\u0131\u015f alarmlar\u0131n azald\u0131\u011f\u0131n\u0131 \u00f6\u011frendi ve buna g\u00f6re Alman metal dedekt\u00f6rlerine y\u00fckseltme karar\u0131 ald\u0131.<\/p>\n\n\n\n<div class=\"wp-block-image\"><figure class=\"alignleft size-full\"><img loading=\"lazy\" decoding=\"async\" width=\"1200\" height=\"160\" src=\"https:\/\/www.ccendustriyel.com\/wp-content\/uploads\/2020\/11\/case-study-template-final2.jpg\" alt=\"\" class=\"wp-image-361\" srcset=\"https:\/\/www.ccendustriyel.com\/wp-content\/uploads\/2020\/11\/case-study-template-final2.jpg 1200w, https:\/\/www.ccendustriyel.com\/wp-content\/uploads\/2020\/11\/case-study-template-final2-300x40.jpg 300w, https:\/\/www.ccendustriyel.com\/wp-content\/uploads\/2020\/11\/case-study-template-final2-1024x137.jpg 1024w, https:\/\/www.ccendustriyel.com\/wp-content\/uploads\/2020\/11\/case-study-template-final2-768x102.jpg 768w, https:\/\/www.ccendustriyel.com\/wp-content\/uploads\/2020\/11\/case-study-template-final2-16x2.jpg 16w\" sizes=\"auto, (max-width: 1200px) 100vw, 1200px\" \/><\/figure><\/div>\n\n\n\n<p class=\"float:left; has-medium-font-size\"><span class=\"has-inline-color has-vivid-red-color\">\u00d6RNEK OLAY 2:<\/span> Lastiklerdeki hava kabarc\u0131klar\u0131<\/p>\n\n\n\n<p class=\"has-medium-font-size\"><span class=\"has-inline-color has-vivid-red-color\">SORUN :<\/span> A tire manufacturing company experienced air blisters in the innerliner used in their truck\/bus radial tires. Previously, the plant invested in a European calender but it was costly and the plant was seeking better technology for a lower investment.<\/p>\n\n\n\n<p class=\"has-medium-font-size\"><span class=\"has-inline-color has-vivid-red-color\">\u00c7\u00d6Z\u00dcM:<\/span> At the time, C&amp;C Core Competence Industrial Consultancy did not have an exclusive partner so Mr. Koral connected with a Chinese calender supplier. After visiting on site, discussing the client\u2019s needs, Mr. Koral secured an innerliner calender for a reasonable cost with superior technology. It has been successfully working in the plant since 2016.<\/p>\n\n\n\n<p class=\"has-medium-font-size\"><span class=\"has-inline-color has-vivid-red-color\">SONU\u00c7:<\/span> The plant increased its performance and is extremely happy with the long-term results. Additionally, our relationship with the supplier from China, TST (Tianjin Saixiang Technology) has grown. TST has an exclusive representative now in the Turkey market and beyond.<\/p>\n\n\n\n<hr class=\"wp-block-separator\"\/>\n\n\n\n<p><\/p>\n\n\n\n<p class=\"has-medium-font-size\">L\u00fctfen bug\u00fcn bizimle ileti\u015fime ge\u00e7in ve \u015firketinize nas\u0131l yard\u0131mc\u0131 olabilece\u011fimizi bize bildirin.<\/p>\n\n\n<div class=\"wpforms-container wpforms-container-full\" id=\"wpforms-54\"><form id=\"wpforms-form-54\" class=\"wpforms-validate wpforms-form\" data-formid=\"54\" method=\"post\" enctype=\"multipart\/form-data\" action=\"\/tr\/wp-json\/wp\/v2\/pages\/104\" data-token=\"8d86603020c60620afbdcb8e9c4d3e64\" data-trp-original-action=\"\/tr\/wp-json\/wp\/v2\/pages\/104\"><noscript class=\"wpforms-error-noscript\">Please enable JavaScript in your browser to complete this form.<\/noscript><div class=\"wpforms-field-container\"><div id=\"wpforms-54-field_0-container\" class=\"wpforms-field wpforms-field-name\" data-field-id=\"0\"><label class=\"wpforms-field-label\" for=\"wpforms-54-field_0\">\u0130sim <span class=\"wpforms-required-label\">*<\/span><\/label><div class=\"wpforms-field-row wpforms-field-medium\"><div class=\"wpforms-field-row-block wpforms-first wpforms-one-half\"><input type=\"text\" id=\"wpforms-54-field_0\" class=\"wpforms-field-name-first wpforms-field-required\" name=\"wpforms[fields][0][first]\" required><label for=\"wpforms-54-field_0\" class=\"wpforms-field-sublabel after\">First<\/label><\/div><div class=\"wpforms-field-row-block wpforms-one-half\"><input type=\"text\" id=\"wpforms-54-field_0-last\" class=\"wpforms-field-name-last wpforms-field-required\" name=\"wpforms[fields][0][last]\" required><label for=\"wpforms-54-field_0-last\" class=\"wpforms-field-sublabel after\">Last<\/label><\/div><\/div><\/div><div id=\"wpforms-54-field_3-container\" class=\"wpforms-field wpforms-field-text\" data-field-id=\"3\"><label class=\"wpforms-field-label\" for=\"wpforms-54-field_3\">i\u015f ad\u0131<\/label><input type=\"text\" id=\"wpforms-54-field_3\" class=\"wpforms-field-medium\" name=\"wpforms[fields][3]\" ><\/div><div id=\"wpforms-54-field_1-container\" class=\"wpforms-field wpforms-field-email\" data-field-id=\"1\"><label class=\"wpforms-field-label\" for=\"wpforms-54-field_1\">Eposta <span class=\"wpforms-required-label\">*<\/span><\/label><input type=\"email\" id=\"wpforms-54-field_1\" class=\"wpforms-field-medium wpforms-field-required\" name=\"wpforms[fields][1]\" required><\/div><div id=\"wpforms-54-field_2-container\" class=\"wpforms-field wpforms-field-textarea\" data-field-id=\"2\"><label class=\"wpforms-field-label\" for=\"wpforms-54-field_2\">Yorum veya Mesaj <span class=\"wpforms-required-label\">*<\/span><\/label><textarea id=\"wpforms-54-field_2\" class=\"wpforms-field-medium wpforms-field-required\" name=\"wpforms[fields][2]\" required><\/textarea><\/div><\/div><div class=\"wpforms-field wpforms-field-hp\"><label for=\"wpforms-54-field-hp\" class=\"wpforms-field-label\">\u0130sim<\/label><input type=\"text\" name=\"wpforms[hp]\" id=\"wpforms-54-field-hp\" class=\"wpforms-field-medium\"><\/div><div class=\"wpforms-submit-container\"><input type=\"hidden\" name=\"wpforms[id]\" value=\"54\"><input type=\"hidden\" name=\"wpforms[author]\" value=\"1\"><button type=\"submit\" name=\"wpforms[submit]\" id=\"wpforms-submit-54\" class=\"wpforms-submit\" data-alt-text=\"Sending...\" data-submit-text=\"Submit\" aria-live=\"assertive\" value=\"wpforms-submit\">G\u00f6nder<\/button><\/div><input type=\"hidden\" name=\"trp-form-language\" value=\"tr\"\/><\/form><\/div>  <!-- .wpforms-container -->","protected":false},"excerpt":{"rendered":"<p>CASE STUDY 1 : Metal Detectors To Detect Metal Pieces in Rubber&nbsp; PROBLEM : A tire plant was experiencing a large number of false alarms from its metal detectors resulting in forced production stoppages leading to a decline in productivity. It is very critical to detect metal pieces in the rubber being processed (e.g. calendering,<\/p>\n<p><a href=\"https:\/\/www.ccendustriyel.com\/tr\/current-past-projects\/\" class=\"more-link themebutton\">Read More<\/a><\/p>","protected":false},"author":1,"featured_media":0,"parent":0,"menu_order":0,"comment_status":"closed","ping_status":"closed","template":"","meta":{"footnotes":""},"class_list":["post-104","page","type-page","status-publish","hentry"],"_links":{"self":[{"href":"https:\/\/www.ccendustriyel.com\/tr\/wp-json\/wp\/v2\/pages\/104","targetHints":{"allow":["GET"]}}],"collection":[{"href":"https:\/\/www.ccendustriyel.com\/tr\/wp-json\/wp\/v2\/pages"}],"about":[{"href":"https:\/\/www.ccendustriyel.com\/tr\/wp-json\/wp\/v2\/types\/page"}],"author":[{"embeddable":true,"href":"https:\/\/www.ccendustriyel.com\/tr\/wp-json\/wp\/v2\/users\/1"}],"replies":[{"embeddable":true,"href":"https:\/\/www.ccendustriyel.com\/tr\/wp-json\/wp\/v2\/comments?post=104"}],"version-history":[{"count":22,"href":"https:\/\/www.ccendustriyel.com\/tr\/wp-json\/wp\/v2\/pages\/104\/revisions"}],"predecessor-version":[{"id":571,"href":"https:\/\/www.ccendustriyel.com\/tr\/wp-json\/wp\/v2\/pages\/104\/revisions\/571"}],"wp:attachment":[{"href":"https:\/\/www.ccendustriyel.com\/tr\/wp-json\/wp\/v2\/media?parent=104"}],"curies":[{"name":"wp","href":"https:\/\/api.w.org\/{rel}","templated":true}]}}