{"id":196,"date":"2020-06-17T15:09:47","date_gmt":"2020-06-17T15:09:47","guid":{"rendered":"http:\/\/solutionpack-copy.comtime.com\/?page_id=196"},"modified":"2020-11-16T16:16:52","modified_gmt":"2020-11-16T21:16:52","slug":"herbert-maschinenbau-gmbh-co-ag","status":"publish","type":"page","link":"https:\/\/www.ccendustriyel.com\/tr\/partner-companies\/herbert-maschinenbau-gmbh-co-ag\/","title":{"rendered":"Herbert Maschinenbau GmbH &amp; AG"},"content":{"rendered":"<p class=\"has-text-align-center\"><a href=\"https:\/\/www.herbert.eu\/en\/\" target=\"_blank\" rel=\"noreferrer noopener\">www.herbert.eu<\/a><\/p>\n\n\n\n<div class=\"wp-block-image\"><figure class=\"alignright size-column1-1\/3 is-resized\"><img loading=\"lazy\" decoding=\"async\" src=\"https:\/\/www.ccendustriyel.com\/wp-content\/uploads\/2020\/06\/herbert-photo2-500x380.jpg\" alt=\"\" class=\"wp-image-223\" width=\"500\" height=\"380\"\/><\/figure><\/div>\n\n\n\n<p class=\"has-medium-font-size translation-block\">HERBERT\u00ae, 1905'ten beri d\u00fcnyadaki t\u00fcm lastik \u00fcreticilerine lastik \u00fcretimi i\u00e7in makineler, container'ler, lastik kal\u0131plar\u0131, lastik yap\u0131m tamburlar\u0131 ve yard\u0131mc\u0131 ekipmanlar\u0131 tedarik etmektedir.\nHERBERT'teki en son geli\u015fmeler, lastik kal\u0131plar\u0131yla e\u015flenik olarak kullan\u0131lan yanak plakalar\u0131 i\u00e7in, lazer ile i\u015flenmesi, ve s\u0131rt segmentlerinin 3D-Metalprint (Selective Lazer Eritme) uygulamalar\u0131d\u0131r.  (Lastik \u00fcreticilerinin m\u00fc\u015fterileri olarak, yanak tasar\u0131mlar\u0131nda ve lastiklerin s\u0131rt desenlerinde yak\u0131n bir gelecekte de\u011fi\u015fiklikler g\u00f6receksiniz).<\/p>\n\n\n\n<ul class=\"wp-block-list\"><li>Lastik Kal\u0131plar\u0131<\/li><li>lastik kal\u0131p kaplar\u0131<\/li><li>Lastik Pi\u015firme Presleri<\/li><li>Lastik \u0130mal Makineleri<\/li><li>Pi\u015firme Sonras\u0131 \u015eartland\u0131rma<\/li><li>Lastik \u0130malat Tamburlar\u0131<\/li><li>Pi\u015firme Torbas\u0131 Kal\u0131plar\u0131<\/li><li>Pi\u015firme Torbas\u0131 Pi\u015firme Presleri<\/li><li>Ham Lastik Transfer Halkalar\u0131<\/li><\/ul>\n\n\n\n<p><\/p>","protected":false},"excerpt":{"rendered":"<p>www.herbert.eu HERBERT\u00ae supplies machines, molds, tire mold containers, tire building drums and other toolings for the production of tires to all tire manufacturers around the world since 1905.The latest developments at HERBERT are laser engraving for sidewallplates for tire molds as well as the 3D-Metalprint (Selective Laser Melting) of tread segments. As customers of the<\/p>\n<p><a href=\"https:\/\/www.ccendustriyel.com\/tr\/partner-companies\/herbert-maschinenbau-gmbh-co-ag\/\" class=\"more-link themebutton\">Read More<\/a><\/p>","protected":false},"author":1,"featured_media":0,"parent":57,"menu_order":0,"comment_status":"closed","ping_status":"closed","template":"","meta":{"footnotes":""},"class_list":["post-196","page","type-page","status-publish","hentry"],"_links":{"self":[{"href":"https:\/\/www.ccendustriyel.com\/tr\/wp-json\/wp\/v2\/pages\/196","targetHints":{"allow":["GET"]}}],"collection":[{"href":"https:\/\/www.ccendustriyel.com\/tr\/wp-json\/wp\/v2\/pages"}],"about":[{"href":"https:\/\/www.ccendustriyel.com\/tr\/wp-json\/wp\/v2\/types\/page"}],"author":[{"embeddable":true,"href":"https:\/\/www.ccendustriyel.com\/tr\/wp-json\/wp\/v2\/users\/1"}],"replies":[{"embeddable":true,"href":"https:\/\/www.ccendustriyel.com\/tr\/wp-json\/wp\/v2\/comments?post=196"}],"version-history":[{"count":8,"href":"https:\/\/www.ccendustriyel.com\/tr\/wp-json\/wp\/v2\/pages\/196\/revisions"}],"predecessor-version":[{"id":388,"href":"https:\/\/www.ccendustriyel.com\/tr\/wp-json\/wp\/v2\/pages\/196\/revisions\/388"}],"up":[{"embeddable":true,"href":"https:\/\/www.ccendustriyel.com\/tr\/wp-json\/wp\/v2\/pages\/57"}],"wp:attachment":[{"href":"https:\/\/www.ccendustriyel.com\/tr\/wp-json\/wp\/v2\/media?parent=196"}],"curies":[{"name":"wp","href":"https:\/\/api.w.org\/{rel}","templated":true}]}}