{"id":200,"date":"2020-06-17T15:14:57","date_gmt":"2020-06-17T15:14:57","guid":{"rendered":"http:\/\/solutionpack-copy.comtime.com\/?page_id=200"},"modified":"2020-11-16T16:15:15","modified_gmt":"2020-11-16T21:15:15","slug":"the-poling-group","status":"publish","type":"page","link":"https:\/\/www.ccendustriyel.com\/tr\/partner-companies\/the-poling-group\/","title":{"rendered":"The Poling Group"},"content":{"rendered":"<p class=\"has-text-align-center has-medium-font-size\"><a href=\"https:\/\/www.polinggroup.com\/\">www.PolingGroup.com<\/a><\/p>\n\n\n\n<div class=\"wp-block-image\"><figure class=\"alignright size-large is-resized\"><img loading=\"lazy\" decoding=\"async\" src=\"https:\/\/www.ccendustriyel.com\/wp-content\/uploads\/2020\/06\/X150-TU-1024x663.jpg\" alt=\"\" class=\"wp-image-232\" width=\"512\" height=\"332\" srcset=\"https:\/\/www.ccendustriyel.com\/wp-content\/uploads\/2020\/06\/X150-TU-1024x663.jpg 1024w, https:\/\/www.ccendustriyel.com\/wp-content\/uploads\/2020\/06\/X150-TU-300x194.jpg 300w, https:\/\/www.ccendustriyel.com\/wp-content\/uploads\/2020\/06\/X150-TU-768x497.jpg 768w, https:\/\/www.ccendustriyel.com\/wp-content\/uploads\/2020\/06\/X150-TU-1536x995.jpg 1536w, https:\/\/www.ccendustriyel.com\/wp-content\/uploads\/2020\/06\/X150-TU.jpg 1700w\" sizes=\"auto, (max-width: 512px) 100vw, 512px\" \/><\/figure><\/div>\n\n\n\n<p class=\"has-text-align-left has-medium-font-size\">Poling Group, kurulu\u015fundan bu yana iyile\u015ftirme ve yenili\u011fe odaklanmaya devam etti. Poling \u015eirketler Grubu \u015fu anda lastiklerle ve kau\u00e7uklu kar\u0131\u015f\u0131mlarla  ilgili \u00e7e\u015fitli ekipman bulu\u015flar\u0131 i\u00e7in 30'dan fazla patente sahiptir. Laboratuvar ve Son Bitirme Sahalar\u0131ndaki Lastik Test makineleri, veri toplama ve analizi, \u00fcr\u00fcn izlenebilirli\u011fi ve \u00f6zellikle lastik \u00fcretimi i\u00e7in tasarlanm\u0131\u015f Final Finish yaz\u0131l\u0131m\u0131, Poling Group\u2019un m\u00fc\u015fterilerinin makine verimini art\u0131rmas\u0131na ve \u00fcr\u00fcn kalitesini optimize etmesine yard\u0131mc\u0131 olmak i\u00e7in \u00fcst\u00fcn teknolojiyi kullanma kararl\u0131l\u0131\u011f\u0131n\u0131 g\u00f6zler \u00f6n\u00fcne seriyor. Nihayetinde, ekipman ve yaz\u0131l\u0131m\u0131n entegrasyonu, Ba\u015fkan Mr. Poling'in d\u00fcnya  lastik end\u00fcstrisine birinci s\u0131n\u0131f bir tedarik\u00e7i olma hedefine ula\u015fmas\u0131n\u0131 sa\u011flad\u0131.\u00a0<\/p>\n\n\n\n<p class=\"has-medium-font-size\"><strong>ASM (Akron Special Machinery)<\/strong><\/p>\n\n\n\n<ul class=\"wp-block-list\"><li>Final Finish Lastik D\u00fczg\u00fcnl\u00fck \u00dcniformite (Motosiklet, Binek Ara\u00e7, Kamyon \/ Otob\u00fcs)<\/li><li>Lastik Balans Test Edilmesi<\/li><li>Topukta S\u0131rtta Flash Alma\/ Lastik Profiline Uygun Ta\u015flama<\/li><li>Tekerlek \/ Jant Test Edilmesi<\/li><li>Yedek Par\u00e7alar<\/li><li>Servis Hizmetleri<\/li><\/ul>\n\n\n\n<p class=\"has-medium-font-size\"><strong>ASM-Hasbach<\/strong><\/p>\n\n\n\n<ul class=\"ul ol{font-size:16px;} wp-block-list\"><li>Lastikler i\u00e7in Laboratuar  Testleri<\/li><li>Yuvarlanma Direnci Testi<\/li><li>Dayan\u0131kl\u0131l\u0131k Testleri<\/li><li>Dayan\u0131kl\u0131l\u0131k<\/li><li>Lastik Karakteri (Kuvvet ve Moment)  Testleri<\/li><li>Y\u00fcksek H\u0131zda \u00dcniformite (D\u00fczg\u00fcnl\u00fck) Testleri<\/li><li>Patlak \u00c7al\u0131\u015fabilen Lastikler i\u00e7in Testler<\/li><li>Lastik G\u00fcr\u00fclt\u00fcs\u00fc Testleri<\/li><\/ul>\n\n\n\n<p class=\"has-medium-font-size\"><strong>CTI (Commercial Timesharing, Inc.)<\/strong><\/p>\n\n\n\n<ul class=\"wp-block-list\"><li>TTOC6 \u2013Test Makinesi Kontrol\u00f6r\u00fc<\/li><li>Lastik Verilerinin Toplanmas\u0131<\/li><li>Lastik D\u0131\u015f Y\u00fczey Analiz Sistemi<\/li><li>Fabrika \u00dcretim Y\u00f6netim Yaz\u0131l\u0131m\u0131<\/li><li>Final Finish Ana Bilgisayar \u00dcniformite Yaz\u0131l\u0131m\u0131<\/li><li>Lastik \u00dcniformite Dalgalanmas\u0131n\u0131n Yap\u0131sal Analiz Yaz\u0131l\u0131m\u0131<\/li><li>Malzeme Elle\u00e7leme (Handling) Y\u00f6netimi<\/li><\/ul>\n\n\n\n<p><\/p>","protected":false},"excerpt":{"rendered":"<p>www.PolingGroup.com Since its inception, the Poling Group has continued to focus on improvement and innovation. The Poling Group of companies currently holds over 30 patents, for various rubber-related equipment inventions. Laboratory and Final Finish Testing machines, data acquisition and analysis, product traceability, and final finish software specifically designed for tire manufacturing showcase the Poling Group\u2019s<\/p>\n<p><a href=\"https:\/\/www.ccendustriyel.com\/tr\/partner-companies\/the-poling-group\/\" class=\"more-link themebutton\">Read More<\/a><\/p>","protected":false},"author":1,"featured_media":0,"parent":57,"menu_order":0,"comment_status":"closed","ping_status":"closed","template":"","meta":{"footnotes":""},"class_list":["post-200","page","type-page","status-publish","hentry"],"_links":{"self":[{"href":"https:\/\/www.ccendustriyel.com\/tr\/wp-json\/wp\/v2\/pages\/200","targetHints":{"allow":["GET"]}}],"collection":[{"href":"https:\/\/www.ccendustriyel.com\/tr\/wp-json\/wp\/v2\/pages"}],"about":[{"href":"https:\/\/www.ccendustriyel.com\/tr\/wp-json\/wp\/v2\/types\/page"}],"author":[{"embeddable":true,"href":"https:\/\/www.ccendustriyel.com\/tr\/wp-json\/wp\/v2\/users\/1"}],"replies":[{"embeddable":true,"href":"https:\/\/www.ccendustriyel.com\/tr\/wp-json\/wp\/v2\/comments?post=200"}],"version-history":[{"count":12,"href":"https:\/\/www.ccendustriyel.com\/tr\/wp-json\/wp\/v2\/pages\/200\/revisions"}],"predecessor-version":[{"id":430,"href":"https:\/\/www.ccendustriyel.com\/tr\/wp-json\/wp\/v2\/pages\/200\/revisions\/430"}],"up":[{"embeddable":true,"href":"https:\/\/www.ccendustriyel.com\/tr\/wp-json\/wp\/v2\/pages\/57"}],"wp:attachment":[{"href":"https:\/\/www.ccendustriyel.com\/tr\/wp-json\/wp\/v2\/media?parent=200"}],"curies":[{"name":"wp","href":"https:\/\/api.w.org\/{rel}","templated":true}]}}