{"id":202,"date":"2020-06-17T15:14:57","date_gmt":"2020-06-17T15:14:57","guid":{"rendered":"http:\/\/solutionpack-copy.comtime.com\/?page_id=202"},"modified":"2020-11-16T16:18:52","modified_gmt":"2020-11-16T21:18:52","slug":"starrett-bytewise","status":"publish","type":"page","link":"https:\/\/www.ccendustriyel.com\/tr\/partner-companies\/starrett-bytewise\/","title":{"rendered":"Starrett-Bytewise"},"content":{"rendered":"<p class=\"has-text-align-center\"><a href=\"https:\/\/www.starrett.com\/category\/54\" target=\"_blank\" rel=\"noreferrer noopener\">www.starrett.com<\/a><\/p>\n\n\n\n<div class=\"wp-block-image\"><figure class=\"alignright size-large\"><img loading=\"lazy\" decoding=\"async\" width=\"500\" height=\"402\" src=\"https:\/\/www.ccendustriyel.com\/wp-content\/uploads\/2020\/06\/bytewise-photo2.jpg\" alt=\"\" class=\"wp-image-221\" srcset=\"https:\/\/www.ccendustriyel.com\/wp-content\/uploads\/2020\/06\/bytewise-photo2.jpg 500w, https:\/\/www.ccendustriyel.com\/wp-content\/uploads\/2020\/06\/bytewise-photo2-300x241.jpg 300w\" sizes=\"auto, (max-width: 500px) 100vw, 500px\" \/><\/figure><\/div>\n\n\n\n<p class=\"has-medium-font-size\">Starrett-Bytewise, fabrika sahas\u0131nda kalite izleme, proses kontrol\u00fc ve enspeksiyon i\u00e7in kullan\u0131lan lazer tabanl\u0131 \u00f6l\u00e7\u00fcm sistemleri sunmaktad\u0131r. Sens\u00f6rleri, sistemleri ve yaz\u0131l\u0131mlar\u0131 tasarlamak i\u00e7in kurum i\u00e7i kaynaklara sahip dikey bir teknoloji \u015firketiyiz. \u00dcr\u00fcnleri kendi sat\u0131\u015f ve servis a\u011f\u0131m\u0131z \u00fczerinden teslim ediyoruz. Starrett-Bytewise, ABD'nin Columbus Georgia eyaletinde yerle\u015fiktir. Avrupa'da ve \u00c7in'de ofisleri bulunmaktad\u0131r ve d\u00fcnya \u00e7ap\u0131nda ba\u011f\u0131ms\u0131z sat\u0131\u015f ve servis temsilcileri taraf\u0131ndan desteklenmektedir.<\/p>\n\n\n\n<ul class=\"wp-block-list\"><li>Off-line Profilmetre 3D<\/li><li>Off-Line Profilometre<\/li><li>Topuktan Topu\u011fa Profil<\/li><li>Hat \u00dczerinde Profilometre<\/li><li>Kat ve Ku\u015fak Geni\u015fli\u011fi \u0130zleme<\/li><li>Ham Lastik D\u00fczg\u00fcnl\u00fck (\u00dcniformite) Sistemi<\/li><li>S\u0131rt A\u015f\u0131nma G\u00f6r\u00fcnt\u00fcleme Sistemi<\/li><li>Tire 360<\/li><li>Lastik Geometrisi \u00d6l\u00e7\u00fcm Sistemi<\/li><\/ul>\n\n\n\n<p><\/p>","protected":false},"excerpt":{"rendered":"<p>www.starrett.com Starrett-Bytewise&nbsp;offers laser-based measurement systems that are employed on the factory floor for quality monitoring, process control and inspection.&nbsp; We are a vertical technology company with in-house resources for designing sensors, systems and software.&nbsp; We deliver products through our own sales and service network. Starrett-Bytewise is based in Columbus Georgia, USA, with offices in Europe<\/p>\n<p><a href=\"https:\/\/www.ccendustriyel.com\/tr\/partner-companies\/starrett-bytewise\/\" class=\"more-link themebutton\">Read More<\/a><\/p>","protected":false},"author":1,"featured_media":0,"parent":57,"menu_order":0,"comment_status":"closed","ping_status":"closed","template":"","meta":{"footnotes":""},"class_list":["post-202","page","type-page","status-publish","hentry"],"_links":{"self":[{"href":"https:\/\/www.ccendustriyel.com\/tr\/wp-json\/wp\/v2\/pages\/202","targetHints":{"allow":["GET"]}}],"collection":[{"href":"https:\/\/www.ccendustriyel.com\/tr\/wp-json\/wp\/v2\/pages"}],"about":[{"href":"https:\/\/www.ccendustriyel.com\/tr\/wp-json\/wp\/v2\/types\/page"}],"author":[{"embeddable":true,"href":"https:\/\/www.ccendustriyel.com\/tr\/wp-json\/wp\/v2\/users\/1"}],"replies":[{"embeddable":true,"href":"https:\/\/www.ccendustriyel.com\/tr\/wp-json\/wp\/v2\/comments?post=202"}],"version-history":[{"count":5,"href":"https:\/\/www.ccendustriyel.com\/tr\/wp-json\/wp\/v2\/pages\/202\/revisions"}],"predecessor-version":[{"id":390,"href":"https:\/\/www.ccendustriyel.com\/tr\/wp-json\/wp\/v2\/pages\/202\/revisions\/390"}],"up":[{"embeddable":true,"href":"https:\/\/www.ccendustriyel.com\/tr\/wp-json\/wp\/v2\/pages\/57"}],"wp:attachment":[{"href":"https:\/\/www.ccendustriyel.com\/tr\/wp-json\/wp\/v2\/media?parent=202"}],"curies":[{"name":"wp","href":"https:\/\/api.w.org\/{rel}","templated":true}]}}