{"id":203,"date":"2020-06-17T15:14:57","date_gmt":"2020-06-17T15:14:57","guid":{"rendered":"http:\/\/solutionpack-copy.comtime.com\/?page_id=203"},"modified":"2020-11-16T16:20:40","modified_gmt":"2020-11-16T21:20:40","slug":"rjs-corporation","status":"publish","type":"page","link":"https:\/\/www.ccendustriyel.com\/tr\/partner-companies\/rjs-corporation\/","title":{"rendered":"RJS  A.\u015e."},"content":{"rendered":"<p class=\"has-text-align-center has-medium-font-size\"><a href=\"https:\/\/www.rjscorp.com\/\" target=\"_blank\" rel=\"noreferrer noopener\">www.rjscorp.com<\/a><\/p>\n\n\n\n<div class=\"wp-block-image\"><figure class=\"alignright size-large\"><img loading=\"lazy\" decoding=\"async\" width=\"500\" height=\"402\" src=\"https:\/\/www.ccendustriyel.com\/wp-content\/uploads\/2020\/06\/rjs-photo2.jpg\" alt=\"\" class=\"wp-image-224\" srcset=\"https:\/\/www.ccendustriyel.com\/wp-content\/uploads\/2020\/06\/rjs-photo2.jpg 500w, https:\/\/www.ccendustriyel.com\/wp-content\/uploads\/2020\/06\/rjs-photo2-300x241.jpg 300w\" sizes=\"auto, (max-width: 500px) 100vw, 500px\" \/><\/figure><\/div>\n\n\n\n<p class=\"has-medium-font-size\">70 y\u0131l\u0131 a\u015fk\u0131n bir s\u00fcre \u00f6nce Akron'da kurulan RJS Corporation, lastik end\u00fcstrisine destek ekipman\u0131 sa\u011flayan d\u00fcnya \u00e7ap\u0131nda bir tedarik\u00e7idir. Hem Akron \u015fehri hem de RJS, lastik end\u00fcstrisine uzun s\u00fcredir hizmet veren bir ge\u00e7mi\u015fe sahiptir; Akron \"Kau\u00e7uk \u015eehri\" ve Firestone, BF Goodrich, General ve di\u011ferlerinin eski merkezleri olarak ve halen merkezi Akron'da olan Goodyear Tire &amp; Rubber Co. bunlardand\u0131r. RJS, \u00fcr\u00fcnlerimizi bu \u015firketlere ve d\u00fcnya \u00e7ap\u0131ndaki d\u00fczinelerce di\u011fer lastik \u00fcreticisine tedarik etmi\u015ftir.&nbsp;<\/p>\n\n\n\n<ul class=\"wp-block-list\"><li>Creel Sistemleri<\/li><li>Creel Ekipmanlar\u0131<\/li><li>Gerginlik Kontrol Ediciler<\/li><li>Konvey\u00f6r Bant Y\u00f6netim  Sistemleri<\/li><\/ul>","protected":false},"excerpt":{"rendered":"<p>www.rjscorp.com RJS Corporation, established over 70 years ago in Akron, is a worldwide supplier of supporting equipment to the tire industry. Both the city of Akron and RJS have a long standing history of service to the tire industry, with Akron being the &#8220;Rubber City&#8221; and former home of Firestone, BF Goodrich, General, and others,<\/p>\n<p><a href=\"https:\/\/www.ccendustriyel.com\/tr\/partner-companies\/rjs-corporation\/\" class=\"more-link themebutton\">Read More<\/a><\/p>","protected":false},"author":1,"featured_media":0,"parent":57,"menu_order":0,"comment_status":"closed","ping_status":"closed","template":"","meta":{"footnotes":""},"class_list":["post-203","page","type-page","status-publish","hentry"],"_links":{"self":[{"href":"https:\/\/www.ccendustriyel.com\/tr\/wp-json\/wp\/v2\/pages\/203","targetHints":{"allow":["GET"]}}],"collection":[{"href":"https:\/\/www.ccendustriyel.com\/tr\/wp-json\/wp\/v2\/pages"}],"about":[{"href":"https:\/\/www.ccendustriyel.com\/tr\/wp-json\/wp\/v2\/types\/page"}],"author":[{"embeddable":true,"href":"https:\/\/www.ccendustriyel.com\/tr\/wp-json\/wp\/v2\/users\/1"}],"replies":[{"embeddable":true,"href":"https:\/\/www.ccendustriyel.com\/tr\/wp-json\/wp\/v2\/comments?post=203"}],"version-history":[{"count":4,"href":"https:\/\/www.ccendustriyel.com\/tr\/wp-json\/wp\/v2\/pages\/203\/revisions"}],"predecessor-version":[{"id":392,"href":"https:\/\/www.ccendustriyel.com\/tr\/wp-json\/wp\/v2\/pages\/203\/revisions\/392"}],"up":[{"embeddable":true,"href":"https:\/\/www.ccendustriyel.com\/tr\/wp-json\/wp\/v2\/pages\/57"}],"wp:attachment":[{"href":"https:\/\/www.ccendustriyel.com\/tr\/wp-json\/wp\/v2\/media?parent=203"}],"curies":[{"name":"wp","href":"https:\/\/api.w.org\/{rel}","templated":true}]}}