{"id":204,"date":"2020-06-17T15:14:57","date_gmt":"2020-06-17T15:14:57","guid":{"rendered":"http:\/\/solutionpack-copy.comtime.com\/?page_id=204"},"modified":"2020-11-17T11:49:39","modified_gmt":"2020-11-17T16:49:39","slug":"cyxplus","status":"publish","type":"page","link":"https:\/\/www.ccendustriyel.com\/tr\/partner-companies\/cyxplus\/","title":{"rendered":"CYXPLUS"},"content":{"rendered":"<p class=\"has-text-align-center has-medium-font-size\"><a href=\"https:\/\/www.cyxplus.fr\/\" target=\"_blank\" rel=\"noreferrer noopener\">www.cyxplus.fr<\/a><\/p>\n\n\n\n<div class=\"wp-block-image\"><figure class=\"alignright size-large is-resized\"><img loading=\"lazy\" decoding=\"async\" src=\"https:\/\/www.ccendustriyel.com\/wp-content\/uploads\/2020\/06\/cyXplus-photo2.jpg\" alt=\"\" class=\"wp-image-222\" width=\"500\" height=\"402\" srcset=\"https:\/\/www.ccendustriyel.com\/wp-content\/uploads\/2020\/06\/cyXplus-photo2.jpg 500w, https:\/\/www.ccendustriyel.com\/wp-content\/uploads\/2020\/06\/cyXplus-photo2-300x241.jpg 300w\" sizes=\"auto, (max-width: 500px) 100vw, 500px\" \/><\/figure><\/div>\n\n\n\n<p class=\"has-medium-font-size\"><strong>CyXplus,<\/strong>\u00a0Tahribats\u0131z Muayene (NDT) end\u00fcstrisinde \u00f6nemli bir oyuncu oldu\u011fu kabul edilen CYXPLUS , talepkar ve zorlu imalat end\u00fcstrilerine en verimli Enspeksiyon  ekipman\u0131 ve yaz\u0131l\u0131m\u0131n\u0131 sa\u011flamak i\u00e7in s\u00fcrekli \u00e7al\u0131\u015fmaktad\u0131r.<br>CyXplus Lastik End\u00fcstrisi i\u00e7in lider Bitirme B\u00f6lgesi (Final Finish) ekipman\u0131 tedarik\u00e7isidir, \nve ayr\u0131ca Havac\u0131l\u0131k, Otomotiv, Petrol ve Gaz, \u0130la\u00e7 ve di\u011fer end\u00fcstrilere de NDT ve Kontrol \u00e7\u00f6z\u00fcmlerini tedarik etmektedir.<br>\u0130novatif bir firma olarak CyXplus, m\u00fc\u015fteriler i\u00e7in en uygun \u00e7\u00f6z\u00fcmleri tasarlamak ve uygulamak i\u00e7in mevcut sensor (alg\u0131lama) teknolojilerinin en iyi avantajlar\u0131n\u0131 kullan\u0131r. CyXplus'\u0131n ekipleri, 30 y\u0131l\u0131 a\u015fk\u0131n birle\u015fik m\u00fchendislik uzmanl\u0131\u011f\u0131na g\u00fcveniyor ve Otomasyon ve Robotik, Kontrol \/ Komuta, \u00d6l\u00e7\u00fcm, G\u00f6r\u00fcnt\u00fc \u0130\u015fleme, X-ray, Bilgisayarl\u0131 Tomografi teknolojilerini i\u00e7eren \u00e7\u00f6z\u00fcmleri geli\u015ftirerek kullan\u0131c\u0131lara takdim ediyor<\/p>\n\n\n\n<ul class=\"wp-block-list\"><li>CyXscan Lastik Kesitleri Analiz Sistemi<\/li><li>X-Ray Muayene Makineleri<\/li><li>CyXpert Otomatik Ar\u0131za Tespiti<\/li><li>2D Bilgisayarl\u0131 Tomografi<\/li><\/ul>","protected":false},"excerpt":{"rendered":"<p>www.cyxplus.fr CyXplus,\u00a0acknowledged to be a major player in the NDT industry, constantly works at supplying the most efficient inspection equipment and software to demanding manufacturing industries.It is a leading supplier of final finish equipment for the Tire Industry, and also supplies its NDT and control solutions in the Aerospace, Automotive, Oil &amp; Gas, Pharmaceuticals and<\/p>\n<p><a href=\"https:\/\/www.ccendustriyel.com\/tr\/partner-companies\/cyxplus\/\" class=\"more-link themebutton\">Read More<\/a><\/p>","protected":false},"author":1,"featured_media":0,"parent":57,"menu_order":0,"comment_status":"closed","ping_status":"closed","template":"","meta":{"footnotes":""},"class_list":["post-204","page","type-page","status-publish","hentry"],"_links":{"self":[{"href":"https:\/\/www.ccendustriyel.com\/tr\/wp-json\/wp\/v2\/pages\/204","targetHints":{"allow":["GET"]}}],"collection":[{"href":"https:\/\/www.ccendustriyel.com\/tr\/wp-json\/wp\/v2\/pages"}],"about":[{"href":"https:\/\/www.ccendustriyel.com\/tr\/wp-json\/wp\/v2\/types\/page"}],"author":[{"embeddable":true,"href":"https:\/\/www.ccendustriyel.com\/tr\/wp-json\/wp\/v2\/users\/1"}],"replies":[{"embeddable":true,"href":"https:\/\/www.ccendustriyel.com\/tr\/wp-json\/wp\/v2\/comments?post=204"}],"version-history":[{"count":6,"href":"https:\/\/www.ccendustriyel.com\/tr\/wp-json\/wp\/v2\/pages\/204\/revisions"}],"predecessor-version":[{"id":546,"href":"https:\/\/www.ccendustriyel.com\/tr\/wp-json\/wp\/v2\/pages\/204\/revisions\/546"}],"up":[{"embeddable":true,"href":"https:\/\/www.ccendustriyel.com\/tr\/wp-json\/wp\/v2\/pages\/57"}],"wp:attachment":[{"href":"https:\/\/www.ccendustriyel.com\/tr\/wp-json\/wp\/v2\/media?parent=204"}],"curies":[{"name":"wp","href":"https:\/\/api.w.org\/{rel}","templated":true}]}}