{"id":206,"date":"2020-06-17T15:14:57","date_gmt":"2020-06-17T15:14:57","guid":{"rendered":"http:\/\/solutionpack-copy.comtime.com\/?page_id=206"},"modified":"2021-04-02T11:38:21","modified_gmt":"2021-04-02T15:38:21","slug":"tst-tianjin-saixiang-technology","status":"publish","type":"page","link":"https:\/\/www.ccendustriyel.com\/tr\/partner-companies\/tst-tianjin-saixiang-technology\/","title":{"rendered":"TST Tianjin Saixiang Technology"},"content":{"rendered":"<p class=\"has-text-align-center has-medium-font-size\"><a href=\"http:\/\/www.chinarpm.com\/en\/\" target=\"_blank\" rel=\"noreferrer noopener\">http:\/\/www.chinarpm.com<\/a><\/p>\n\n\n\n<figure class=\"wp-block-image size-large\"><img loading=\"lazy\" decoding=\"async\" width=\"985\" height=\"311\" src=\"https:\/\/www.ccendustriyel.com\/wp-content\/uploads\/2021\/04\/tst-booster.jpg\" alt=\"\" class=\"wp-image-564\" srcset=\"https:\/\/www.ccendustriyel.com\/wp-content\/uploads\/2021\/04\/tst-booster.jpg 985w, https:\/\/www.ccendustriyel.com\/wp-content\/uploads\/2021\/04\/tst-booster-300x95.jpg 300w, https:\/\/www.ccendustriyel.com\/wp-content\/uploads\/2021\/04\/tst-booster-768x242.jpg 768w, https:\/\/www.ccendustriyel.com\/wp-content\/uploads\/2021\/04\/tst-booster-16x5.jpg 16w\" sizes=\"auto, (max-width: 985px) 100vw, 985px\" \/><\/figure>\n\n\n\n<p class=\"has-medium-font-size\">Tianjin Binhai Yeni B\u00f6lgesinde kay\u0131tl\u0131 olan Tianjin Saixiang Technology Co. Ltd (TST), radyal lastik \u00fcretimine odakl\u0131 uzman bir  y\u00fcksek teknoloji \u015firketidir. 1989 y\u0131l\u0131nda kurulan \u015firket, 2000 y\u0131l\u0131nda Tianjin Saixiang Technology Co. Ltd olarak yeniden yap\u0131land\u0131r\u0131ld\u0131. Yirmi y\u0131ldan fazla s\u00fcren s\u00fcrekli yenilik ve s\u00fcrekli geli\u015fimden sonra, \u015firketin ana ekonomik g\u00f6stergeleri, yurti\u00e7i ve yurtd\u0131\u015f\u0131nda kau\u00e7uk makineleri end\u00fcstrisinin en iyileri aras\u0131ndad\u0131r. \u00dclkenin d\u00f6rt bir yan\u0131nda bulunan Saixiang markal\u0131 kau\u00e7uk makineleri, yurti\u00e7i ve yurtd\u0131\u015f\u0131nda kau\u00e7uk makine end\u00fcstrisi ve lastik end\u00fcstrisinde daha y\u00fcksek g\u00f6r\u00fcn\u00fcrl\u00fc\u011fe sahip olup Fransa, Amerika, Almanya, Japonya, \u0130ngiltere, \u0130talya, T\u00fcrkiye ve Hindistan'a ihracat yapmaktad\u0131r.&nbsp;<\/p>\n\n\n\n<ul class=\"wp-block-list\"><li>Ekstr\u00fczyon Hatlar\u0131<\/li><li>Kalenderleme Hatlar\u0131<\/li><li>Kesim Hatlar\u0131<\/li><li>Lastik \u0130mal Makineleri<\/li><li>Pi\u015firme Hatlar\u0131<\/li><li>Depolama Sistemleri<\/li><li>Otomatik Y\u00f6nlendirilen Ara\u00e7 Sistemleri (AGV)<\/li><\/ul>","protected":false},"excerpt":{"rendered":"<p>www.chinarpm.com Registered in Tianjin Binhai New Area, Tianjin Saixiang Technology Co. Ltd (TST) is a high-tech company which is a production of radial tire outfit-oriented specialized company. Established in 1989, the company restructured into Tianjin Saixiang Technology Co. Ltd in 2000. After more than two decades of constant innovation and sustained development, the major economic<\/p>\n<p><a href=\"https:\/\/www.ccendustriyel.com\/tr\/partner-companies\/tst-tianjin-saixiang-technology\/\" class=\"more-link themebutton\">Read More<\/a><\/p>","protected":false},"author":1,"featured_media":0,"parent":57,"menu_order":0,"comment_status":"closed","ping_status":"closed","template":"","meta":{"footnotes":""},"class_list":["post-206","page","type-page","status-publish","hentry"],"_links":{"self":[{"href":"https:\/\/www.ccendustriyel.com\/tr\/wp-json\/wp\/v2\/pages\/206","targetHints":{"allow":["GET"]}}],"collection":[{"href":"https:\/\/www.ccendustriyel.com\/tr\/wp-json\/wp\/v2\/pages"}],"about":[{"href":"https:\/\/www.ccendustriyel.com\/tr\/wp-json\/wp\/v2\/types\/page"}],"author":[{"embeddable":true,"href":"https:\/\/www.ccendustriyel.com\/tr\/wp-json\/wp\/v2\/users\/1"}],"replies":[{"embeddable":true,"href":"https:\/\/www.ccendustriyel.com\/tr\/wp-json\/wp\/v2\/comments?post=206"}],"version-history":[{"count":15,"href":"https:\/\/www.ccendustriyel.com\/tr\/wp-json\/wp\/v2\/pages\/206\/revisions"}],"predecessor-version":[{"id":560,"href":"https:\/\/www.ccendustriyel.com\/tr\/wp-json\/wp\/v2\/pages\/206\/revisions\/560"}],"up":[{"embeddable":true,"href":"https:\/\/www.ccendustriyel.com\/tr\/wp-json\/wp\/v2\/pages\/57"}],"wp:attachment":[{"href":"https:\/\/www.ccendustriyel.com\/tr\/wp-json\/wp\/v2\/media?parent=206"}],"curies":[{"name":"wp","href":"https:\/\/api.w.org\/{rel}","templated":true}]}}