{"id":437,"date":"2020-11-20T10:19:01","date_gmt":"2020-11-20T15:19:01","guid":{"rendered":"http:\/\/solutionpack-copy.comtime.com\/?page_id=437"},"modified":"2020-11-20T10:30:18","modified_gmt":"2020-11-20T15:30:18","slug":"carl-zeiss-opthotechnik","status":"publish","type":"page","link":"https:\/\/www.ccendustriyel.com\/tr\/partner-companies\/carl-zeiss-opthotechnik\/","title":{"rendered":"ZEISS End\u00fcstriyel Metroloji"},"content":{"rendered":"<p class=\"has-text-align-center has-medium-font-size\"><a href=\"https:\/\/www.zeiss.de\/messtechnik\/home.html\">Zeiss.de<\/a><\/p>\n\n\n\n<div class=\"wp-block-image\"><figure class=\"alignright size-large is-resized\"><img loading=\"lazy\" decoding=\"async\" src=\"https:\/\/www.ccendustriyel.com\/wp-content\/uploads\/2020\/11\/zeiss.jpg\" alt=\"\" class=\"wp-image-441\" width=\"493\" height=\"274\" srcset=\"https:\/\/www.ccendustriyel.com\/wp-content\/uploads\/2020\/11\/zeiss.jpg 986w, https:\/\/www.ccendustriyel.com\/wp-content\/uploads\/2020\/11\/zeiss-300x167.jpg 300w, https:\/\/www.ccendustriyel.com\/wp-content\/uploads\/2020\/11\/zeiss-768x427.jpg 768w, https:\/\/www.ccendustriyel.com\/wp-content\/uploads\/2020\/11\/zeiss-16x9.jpg 16w\" sizes=\"auto, (max-width: 493px) 100vw, 493px\" \/><\/figure><\/div>\n\n\n\n<p class=\"has-medium-font-size\">End\u00fcstriyel Metroloji b\u00f6l\u00fcm\u00fc, \u00e7ok boyutlu \u00f6l\u00e7\u00fcm \u00e7\u00f6z\u00fcmlerinin lider \u00fcreticisidir. Bunlar aras\u0131nda koordinat \u00f6l\u00e7\u00fcm makineleri, optik ve \u00e7oklu sens\u00f6r sistemleri ve otomotiv, u\u00e7ak, makine m\u00fchendisli\u011fi, plastik ve t\u0131bbi teknoloji end\u00fcstrileri i\u00e7in \u00f6l\u00e7\u00fcm teknolojisi yaz\u0131l\u0131mlar\u0131 bulunur. Kalite denetimi i\u00e7in 3D X-ray \u00f6l\u00e7\u00fcm teknolojisi gibi yenilik\u00e7i teknolojiler, \u00fcr\u00fcn portf\u00f6y\u00fcn\u00fc tamamlar.<\/p>\n\n\n\n<ul class=\"wp-block-list\"><li>End\u00fcstriyel CT ve X-ray sistemleri<\/li><\/ul>","protected":false},"excerpt":{"rendered":"<p>Zeiss.de The Industrial Metrology division is a leading manufacturer of multidimensional measurement solutions.\u00a0These include coordinate measuring machines, optical and multi-sensor systems as well as measuring technology software for the automotive, aircraft, mechanical engineering, plastics and medical technology industries.\u00a0Innovative technologies such as 3D X-ray measurement technology for quality inspection round off the product portfolio. Industrial CT<\/p>\n<p><a href=\"https:\/\/www.ccendustriyel.com\/tr\/partner-companies\/carl-zeiss-opthotechnik\/\" class=\"more-link themebutton\">Read More<\/a><\/p>","protected":false},"author":1,"featured_media":0,"parent":57,"menu_order":0,"comment_status":"closed","ping_status":"closed","template":"","meta":{"footnotes":""},"class_list":["post-437","page","type-page","status-publish","hentry"],"_links":{"self":[{"href":"https:\/\/www.ccendustriyel.com\/tr\/wp-json\/wp\/v2\/pages\/437","targetHints":{"allow":["GET"]}}],"collection":[{"href":"https:\/\/www.ccendustriyel.com\/tr\/wp-json\/wp\/v2\/pages"}],"about":[{"href":"https:\/\/www.ccendustriyel.com\/tr\/wp-json\/wp\/v2\/types\/page"}],"author":[{"embeddable":true,"href":"https:\/\/www.ccendustriyel.com\/tr\/wp-json\/wp\/v2\/users\/1"}],"replies":[{"embeddable":true,"href":"https:\/\/www.ccendustriyel.com\/tr\/wp-json\/wp\/v2\/comments?post=437"}],"version-history":[{"count":3,"href":"https:\/\/www.ccendustriyel.com\/tr\/wp-json\/wp\/v2\/pages\/437\/revisions"}],"predecessor-version":[{"id":442,"href":"https:\/\/www.ccendustriyel.com\/tr\/wp-json\/wp\/v2\/pages\/437\/revisions\/442"}],"up":[{"embeddable":true,"href":"https:\/\/www.ccendustriyel.com\/tr\/wp-json\/wp\/v2\/pages\/57"}],"wp:attachment":[{"href":"https:\/\/www.ccendustriyel.com\/tr\/wp-json\/wp\/v2\/media?parent=437"}],"curies":[{"name":"wp","href":"https:\/\/api.w.org\/{rel}","templated":true}]}}