{"id":465,"date":"2021-01-26T10:05:19","date_gmt":"2021-01-26T15:05:19","guid":{"rendered":"http:\/\/solutionpack-copy.comtime.com\/?page_id=465"},"modified":"2021-03-24T08:20:50","modified_gmt":"2021-03-24T12:20:50","slug":"associate-partners","status":"publish","type":"page","link":"https:\/\/www.ccendustriyel.com\/tr\/associate-partners\/","title":{"rendered":"Associate Partnerler"},"content":{"rendered":"<p class=\"has-huge-font-size\">Dalian&nbsp; Rubber&amp; Plastics Machinery Co. Ltd.<\/p>\n\n\n\n<p class=\"has-medium-font-size\">Dalian Rubber and Plastic Machinery Co., Ltd., 1907 y\u0131l\u0131nda kurulmu\u015f \"zaman\u0131n onuruna sahip\" devlete ait bir kurulu\u015ftur. \u00c7in'deki Kau\u00e7uk ve Plastik makine ve ekipmanlar\u0131n\u0131n ilk profesyonel tedarik\u00e7isidir ve \"\u00c7in'de Kau\u00e7uk ve Plastik Makineleri'nin be\u015fi\u011fi \" olarak bilinir.\n\u015eirket, uluslararas\u0131 \u00dcr\u00fcn Geli\u015ftirme, \u00dcretim, Pazarlama ve Servis yeteneklerine sahiptir. OACU, \u00c7in\u2019in ekipman imalat end\u00fcstrisinde daha g\u00fc\u00e7l\u00fc, daha \u00fcst\u00fcn ve daha b\u00fcy\u00fck olmak i\u00e7in 2017 y\u0131l\u0131nda DHI Crane Group'un y\u00fczde y\u00fcz i\u015ftiraki oldu. 1.800'den fazla \u00e7al\u0131\u015fan\u0131 var, yakla\u015f\u0131k 530.000 metrekarelik bir alan\u0131 kapl\u0131yor ve yakla\u015f\u0131k 3.2 milyar yuan toplam varl\u0131\u011fa sahip.<\/p>\n\n\n\n<p><a href=\"http:\/\/en.dxs1907.cn\/\" data-type=\"URL\" data-id=\"http:\/\/en.dxs1907.cn\/\">Dalian Rubber &amp; Plastics Macinery Web Sitesini G\u00f6r\u00fcn\u00fcz<\/a><\/p>\n\n\n\n<hr class=\"wp-block-separator is-style-wide\"\/>\n\n\n\n<p class=\"has-huge-font-size\">Link-Asia Smart Technology  Ltd \u015eirketi<\/p>\n\n\n\n<p class=\"has-medium-font-size\">Lianya Intelligent Technology (Suzhou) Co., Ltd. was founded in&nbsp;September&nbsp;2017,&nbsp;and the company address is located in Suzhou Industrial Park.&nbsp;Our company focuses on providing advanced intelligent and flexible equipment and comprehensive solutions for tire manufacturing enterprises.&nbsp;<\/p>\n\n\n\n<p class=\"has-medium-font-size\">At present, our core products mainly include: all-steel tire belt steel wire winding production line, aircraft and special tire belt spinning fiber winding production line, wide-based tire tread winding production line, engineering tire automatic tread winding production line, racing car and High-performance car tire tread winding production line, tire wire ring wrapping machine&nbsp;\/coating machine,&nbsp;steel wire belt&nbsp;\/nylon belt extrusion production line&nbsp;,&nbsp;engineering tire&nbsp;\/wide base tire flexible manufacturing production line.<\/p>\n\n\n\n<p><a href=\"http:\/\/www.link-asia.cn\/\" data-type=\"URL\" data-id=\"http:\/\/www.link-asia.cn\/\">Link-Asia Smart Technology Co. Web Sitesine Bak\u0131n\u0131z.<\/a><\/p>\n\n\n\n<hr class=\"wp-block-separator is-style-wide\"\/>\n\n\n\n<p class=\"has-huge-font-size\">Qingdao Delphy Technology \u015eirketler Grubu<\/p>\n\n\n\n<p class=\"has-medium-font-size\">DLFTECH, lastik ve konvey\u00f6r band\u0131 end\u00fcstrisi i\u00e7in profesyonel teknoloji ve ekipman konusunda uzmanla\u015fm\u0131\u015f bir hizmet sa\u011flay\u0131c\u0131d\u0131r. \u201cEntegrasyon, \u0130novasyon, \u00fcst\u00fcnl\u00fck ve liderlik\u201d geli\u015ftirme konseptine uygun olarak, End\u00fcstri 4.0'\u0131 ger\u00e7ekle\u015ftirme anlam\u0131nda lastik ve konvey\u00f6r bant end\u00fcstrisinin t\u00fcm s\u00fcrecini desteklemeyi, karl\u0131l\u0131k b\u00fcy\u00fcmesini ve s\u00fcrd\u00fcr\u00fclebilir rekabet g\u00fcc\u00fc getirmeyi hedefliyoruz m\u00fc\u015fterilerimize, ve onlar\u0131n daha b\u00fcy\u00fck sosyal de\u011fer yaratmalar\u0131na yard\u0131mc\u0131 olmak istiyoruz.<\/p>\n\n\n\n<p><a href=\"https:\/\/www.delphygroup.com\/\" data-type=\"URL\">Qingdao Delphy Technology Grup Websitesini ziyaret ediniz<\/a><\/p>\n\n\n\n<hr class=\"wp-block-separator is-style-wide\"\/>\n\n\n\n<p class=\"has-huge-font-size\">Kayzee Inc. \u015eirketi<\/p>\n\n\n\n<p class=\"has-medium-font-size\">Kay-Zee Inc. was formed in 1972.&nbsp; It has been functioning ever since both as a manufacturing company and distributor of mold cleaning and repair products.&nbsp;<\/p>\n\n\n\n<p class=\"has-medium-font-size\">Kay-zee Inc., kau\u00e7uk \u00fcr\u00fcnler i\u00e7in  Pi\u015firme kal\u0131plar\u0131n\u0131n temizlenmesi ve onar\u0131m\u0131 i\u00e7in \u00fcr\u00fcnler sunmaktad\u0131r. Pi\u015firme kal\u0131plar\u0131nda matkap u\u00e7lar\u0131n\u0131n k\u0131r\u0131lmas\u0131 ve temizlenmesi zaman kaybettiren ve bazen de \u00fcretimde can s\u0131k\u0131c\u0131\nbir olayd\u0131r. Kay-Zee Inc. matkap u\u00e7lar\u0131n\u0131n k\u0131r\u0131lmas\u0131n\u0131 en aza indirmek i\u00e7in bir sistem yaratt\u0131.<\/p>\n\n\n\n<p><a href=\"https:\/\/www.kayzeeinc.net\/\" data-type=\"URL\" data-id=\"https:\/\/www.kayzeeinc.net\/\">The Kay-Zee Inc. Websitesini ziyaret ediniz.<\/a><\/p>\n\n\n\n<hr class=\"wp-block-separator is-style-wide\"\/>\n\n\n\n<p class=\"has-huge-font-size\">Ohio Drill &amp; Tool \u015eirketi<\/p>\n\n\n\n<p class=\"has-medium-font-size\"><strong>Ohio Drill &amp; Tool \u015eirketi y\u00fcksek kaliteli kesme aletleri,ve bunlarla beraber aluminyum malzemeden yap\u0131lm\u0131\u015f lastik kal\u0131plar\u0131 i\u00e7in matkap u\u00e7lar\u0131 tedarik\u00e7isidir. Ohio Drill&amp;Tool m\u00fc\u015fterilerinin beklentilerini kar\u015f\u0131lar ve a\u015far;De\u011fer, Teslimat, ve Kalitede.Bu ba\u015far\u0131s\u0131n\u0131 da i\u015f yapma sistemlerini s\u00fcrekli ve sistemli olarak g\u00f6zden ge\u00e7irip iyile\u015ftirmesiyle sa\u011flamaktad\u0131r.<\/strong>&nbsp;supplies high quality cutting tools, including &nbsp;vent drills for aluminum tire molds. Ohio Drill &amp; Tool meet and exceed their customers&#8217; expectations in: Value, Delivery, and Quality.&nbsp; This is accomplished through continually improving their business systems.<\/p>\n\n\n\n<p><a href=\"https:\/\/www.kayzeeinc.net\/\" data-type=\"URL\" data-id=\"https:\/\/www.kayzeeinc.net\/\">Ohio Drill&amp;Tool \u015eirketi Websitesi'ni ziyaret ediniz.<\/a><\/p>","protected":false},"excerpt":{"rendered":"<p>Dalian&nbsp; Rubber&amp; Plastics Machinery Co. Ltd. Dalian Rubber and Plastic Machinery Co., Ltd. is a &#8220;time-honored&#8221; state-owned enterprise established in 1907. It is the earliest professional supplier of rubber and plastic machinery and equipment in China and is known as the &#8220;cradle of rubber and plastic machinery&#8221; in China. The company has international product development,<\/p>\n<p><a href=\"https:\/\/www.ccendustriyel.com\/tr\/associate-partners\/\" class=\"more-link themebutton\">Read More<\/a><\/p>","protected":false},"author":1,"featured_media":0,"parent":0,"menu_order":0,"comment_status":"closed","ping_status":"closed","template":"","meta":{"footnotes":""},"class_list":["post-465","page","type-page","status-publish","hentry"],"_links":{"self":[{"href":"https:\/\/www.ccendustriyel.com\/tr\/wp-json\/wp\/v2\/pages\/465","targetHints":{"allow":["GET"]}}],"collection":[{"href":"https:\/\/www.ccendustriyel.com\/tr\/wp-json\/wp\/v2\/pages"}],"about":[{"href":"https:\/\/www.ccendustriyel.com\/tr\/wp-json\/wp\/v2\/types\/page"}],"author":[{"embeddable":true,"href":"https:\/\/www.ccendustriyel.com\/tr\/wp-json\/wp\/v2\/users\/1"}],"replies":[{"embeddable":true,"href":"https:\/\/www.ccendustriyel.com\/tr\/wp-json\/wp\/v2\/comments?post=465"}],"version-history":[{"count":10,"href":"https:\/\/www.ccendustriyel.com\/tr\/wp-json\/wp\/v2\/pages\/465\/revisions"}],"predecessor-version":[{"id":539,"href":"https:\/\/www.ccendustriyel.com\/tr\/wp-json\/wp\/v2\/pages\/465\/revisions\/539"}],"wp:attachment":[{"href":"https:\/\/www.ccendustriyel.com\/tr\/wp-json\/wp\/v2\/media?parent=465"}],"curies":[{"name":"wp","href":"https:\/\/api.w.org\/{rel}","templated":true}]}}