{"id":5,"date":"2020-04-20T14:55:28","date_gmt":"2020-04-20T14:55:28","guid":{"rendered":"http:\/\/solutionpack.comtime.com\/?page_id=5"},"modified":"2021-02-27T15:29:36","modified_gmt":"2021-02-27T20:29:36","slug":"the-new-umoma-opens-its-doors","status":"publish","type":"page","link":"https:\/\/www.ccendustriyel.com\/tr\/","title":{"rendered":"C&#038;C Core Competence Industrial Consultancy connects manufacturing with technology"},"content":{"rendered":"<div class=\"wp-block-group alignwide\"><div class=\"wp-block-group__inner-container is-layout-flow wp-block-group-is-layout-flow\">\n<p><\/p>\n<\/div><\/div>\n\n\n\n<hr class=\"wp-block-separator\"\/>\n\n\n<h4><img loading=\"lazy\" decoding=\"async\" class=\"size-medium wp-image-317 alignleft\" src=\"https:\/\/www.ccendustriyel.com\/wp-content\/uploads\/2020\/11\/article-home-230x300.png\" alt=\"\" width=\"230\" height=\"300\" srcset=\"https:\/\/www.ccendustriyel.com\/wp-content\/uploads\/2020\/11\/article-home-230x300.png 230w, https:\/\/www.ccendustriyel.com\/wp-content\/uploads\/2020\/11\/article-home-9x12.png 9w, https:\/\/www.ccendustriyel.com\/wp-content\/uploads\/2020\/11\/article-home.png 305w\" sizes=\"auto, (max-width: 230px) 100vw, 230px\" \/><span style=\"color: #ff0000;\">Yeni Lastik Geli\u015ftirme Testlerinin  Zorlu D\u00fcnyas\u0131<\/span><br>yazar\u0131  Mehmet Koral<\/h4>\n<p>TyreTrends dergisinin Nisan say\u0131s\u0131nda, modern \u00e7a\u011fda ve gelecekte lastikler i\u00e7in geli\u015ftirme ve test s\u00fcrecini ayr\u0131nt\u0131lar\u0131yla anlatan Mehmet Koral'\u0131n kapak hikayesini okuyun.<\/p>\n<p>Herhangi bir arac\u0131n g\u00fcvenli ve g\u00fcvenilir s\u00fcr\u00fc\u015f\u00fc, o arac\u0131n, lastiklerinin ve yol ile s\u00fcr\u00fcc\u00fc etkile\u015fiminin bir sonucudur. Bu, de\u011fi\u015fkenler ile \u00e7evre iklimindeki iklim ko\u015fullar\u0131 aras\u0131ndaki dinamik bir etkile\u015fimdir. Her biri seyahat ve ula\u015f\u0131m g\u00fcvenli\u011fini farkl\u0131 \u015fekilde etkileyebilir, \u00f6rn. kuru yol, ya\u011fmurlu veya \u0131slak yol, k\u0131\u015f\u0131n yollardaki kar ve buzlanma. Arac\u0131n tek temas alan\u0131n\u0131n, lasti\u011fin temas alan\u0131 (ayak izi) ve s\u00fcrekli de\u011fi\u015fen yol ko\u015fullar\u0131na tepkisi oldu\u011funu unutmamal\u0131y\u0131z. Yoku\u015f yukar\u0131 s\u00fcrmek, yoku\u015f a\u015fa\u011f\u0131 gitmek, bir seyahatte viraj almak bunlardan biridir.<\/p>\n<p>Bir lasti\u011fin geli\u015ftirilmesine ba\u015flamadan \u00f6nce lastik davran\u0131\u015f\u0131n\u0131 ve ilgili testlerdeki performans\u0131n\u0131 i\u00e7 mekanlarda - tamburda ve d\u0131\u015f mekanlarda - yollarda ve test pistlerinde uygulamal\u0131 g\u00f6rmek \u00f6nemlidir. <a href=\"https:\/\/www.ccendustriyel.com\/wp-content\/uploads\/2020\/11\/TyreTrends-MehmetKoral.pdf\" target=\"_blank\" rel=\"noopener noreferrer\">Read More : Full TyreTrends Article<\/a><\/p>\n\n\n<hr class=\"wp-block-separator\"\/>\n\n\n<h2><span style=\"color: #ff0000;\">Temel De\u011ferler<\/span><\/h2>\n<p><strong data-rich-text-format-boundary=\"true\">Biz b\u00fct\u00fcn hizmetlerimizde Sistemsel Temel De\u011ferlerimize uyumlu davran\u0131r\u0131z;<\/strong><\/p>\n<ul id=\"block-5b74075e-c2d0-4f4c-8c86-22c5f8c5b4f9\" class=\"block-editor-block-list__block wp-block is-selected rich-text block-editor-rich-text__editable wp-block\" tabindex=\"0\" role=\"textbox\" contenteditable=\"true\" aria-label=\"Write list\u2026\" aria-multiline=\"true\" data-block=\"5b74075e-c2d0-4f4c-8c86-22c5f8c5b4f9\" data-type=\"core\/list\" data-title=\"List\">\n<li>M\u00fc\u015fterilerimize tecr\u00fcbelerimizle \u00f6\u011frendiklerimizin \u0131\u015f\u0131\u011f\u0131nda ve onlar\u0131n rekabet etme g\u00fc\u00e7lerini geli\u015ftirecek en de\u011ferli katk\u0131lar\u0131m\u0131z\u0131 vererek hizmet ederiz.<\/li>\n<li>M\u00fc\u015fterilerimizle iyi ili\u015fkiler kurar\u0131z, dahas\u0131 onlar\u0131n yararlar\u0131n\u0131n her t\u00fcrl\u00fc i\u015f platformlar\u0131nda avukatl\u0131\u011f\u0131n\u0131 da icra ederiz.<\/li>\n<li>Her t\u00fcrl\u00fc taahh\u00fctlerimizi yerine getiririz, onlar\u0131n proseslerine ve proseslerin sahiplerine katt\u0131\u011f\u0131m\u0131z katma de\u011ferleri g\u00f6steririz.<\/li>\n<li>M\u00fc\u015fterilerilerin \u00e7al\u0131\u015fanlar\u0131n\u0131 projelerin daha birinci g\u00fcn\u00fcnden i\u015fe katar\u0131z.Hizmetlerimizin ba\u015far\u0131l\u0131 sonu\u00e7lar\u0131na ula\u015f\u0131lmas\u0131 i\u00e7in ilgili tecr\u00fcbelerimizi onlarla payla\u015f\u0131r\u0131z.<\/li>\n<li>G\u00f6zle g\u00f6r\u00fcl\u00fcr, elle tutulur somut katk\u0131lar\u0131m\u0131zla iz b\u0131rak\u0131r\u0131z, ve m\u00fc\u015fteri \u00e7al\u0131\u015fanlar\u0131na proseslerine\nde\u011fer katmay\u0131 s\u00fcrd\u00fcrme yetkinliklerini kazand\u0131r\u0131r\u0131z.<\/li>\n<li>Her bir m\u00fc\u015fterinin fabrikas\u0131na gerekli olan proses makinalar\u0131 ve\/veya ekipmanlar i\u00e7in sadece en uygun bir partnerimizden teklif sunar\u0131z.<\/li>\n<li>Tedarik\u00e7i uzman partner olarak, sat\u0131\u015f sonras\u0131 hizmetleri zaman\u0131nda ve etkin \u015fekilde uzaktan yahut  yerinde verebilecek olanlarla \u00e7al\u0131\u015f\u0131r\u0131z.&nbsp;&nbsp;<\/li>\n<\/ul>\n\n\n<blockquote class=\"wp-block-quote has-text-align-center is-style-large is-layout-flow wp-block-quote-is-layout-flow\"><p>M\u00fc\u015fterilerimizin lastik ve kau\u00e7uk \u00fcretiminden en iyi \u015fekilde yararlanmak i\u00e7in ihtiya\u00e7 duyduklar\u0131 makine, hizmet, teknoloji ve deste\u011fi bulmalar\u0131na yard\u0131mc\u0131 oluyoruz.<\/p><\/blockquote>\n\n\n\n<div class=\"wp-block-columns alignwide is-layout-flex wp-container-core-columns-is-layout-9d6595d7 wp-block-columns-is-layout-flex\">\n<div class=\"wp-block-column is-layout-flow wp-block-column-is-layout-flow\"><\/div>\n\n\n\n<div class=\"wp-block-column is-layout-flow wp-block-column-is-layout-flow\"><\/div>\n<\/div>\n\n\n\n<figure class=\"wp-block-image alignfull size-large\"><img loading=\"lazy\" decoding=\"async\" width=\"1024\" height=\"500\" src=\"https:\/\/www.ccendustriyel.com\/wp-content\/uploads\/2020\/06\/map3-1024x500.gif\" alt=\"\" class=\"wp-image-229\" srcset=\"https:\/\/www.ccendustriyel.com\/wp-content\/uploads\/2020\/06\/map3-1024x500.gif 1024w, https:\/\/www.ccendustriyel.com\/wp-content\/uploads\/2020\/06\/map3-300x147.gif 300w, https:\/\/www.ccendustriyel.com\/wp-content\/uploads\/2020\/06\/map3-768x375.gif 768w\" sizes=\"auto, (max-width: 1024px) 100vw, 1024px\" \/><\/figure>\n\n\n\n<p class=\"has-drop-cap has-medium-font-size\"><p class=\"has-drop-cap\" style=\"padding:0 25px 0 25px;\">T\u00fcrkiye'de lastik \u00fcretimi, lastik testleri ve kau\u00e7uk end\u00fcstrilerine en son teknolojiyi sunmak i\u00e7in 2004 y\u0131l\u0131nda C&amp;C Core Competences End\u00fcstriyel Dan\u0131\u015fmanl\u0131\u011f\u0131'n\u0131 ba\u015flatt\u0131k. \u015eirketiniz  ister lastik \u00fcretiyor ve test ediyor ya da bir lasti\u011fi meydana getiren bile\u015fenlerden birini \u00fcretiyor olsun, sizlere d\u00fcnyan\u0131n d\u00f6rt bir yan\u0131ndan do\u011frudan \u00fcretim sahan\u0131za teknoloji sa\u011flamak i\u00e7in kayna\u011f\u0131n\u0131z biziz.<\/p><\/p>\n\n\n\n<hr class=\"wp-block-separator is-style-wide\"\/>\n\n\n\n<div class=\"wp-block-group alignwide\"><div class=\"wp-block-group__inner-container is-layout-flow wp-block-group-is-layout-flow\">\n<figure class=\"wp-block-pullquote\"><blockquote><p>\u0130\u015fimiz T\u00fcrkiye'deki lastik \u00fcreticilerine tek kaynaktan derli toplu hizmetler ve katk\u0131lar temin ederek de\u011fer sa\u011flamakt\u0131r.<\/p><\/blockquote><\/figure>\n<\/div><\/div>\n\n\n\n<p><\/p>\n\n\n\n<hr class=\"wp-block-separator\"\/>\n\n\n\n<div class=\"wp-block-group alignwide has-background-color has-text-color has-background\" style=\"background-color:#ffffff\"><div class=\"wp-block-group__inner-container is-layout-flow wp-block-group-is-layout-flow\">\n<div class=\"wp-block-group\"><div class=\"wp-block-group__inner-container is-layout-flow wp-block-group-is-layout-flow\">\n<h2 class=\"has-text-align-center wp-block-heading\">Do\u011fru Lastik Teknolojisini Do\u011fru Fiyatla Bulmak size Bir T\u0131k mesafesinde.<\/h2>\n\n\n\n<p class=\"has-text-align-center\">Biz bir butik dan\u0131\u015fmanl\u0131k \u015firketiyiz,m\u00fc\u015fterilerimizle kal\u0131c\u0131 ili\u015fkiler kurar\u0131z. Bize do\u011frudan yazmak i\u00e7in l\u00fctfen a\u015fa\u011f\u0131daki linki t\u0131klay\u0131n\u0131z.<\/p>\n\n\n\n<div class=\"wp-block-button aligncenter\"><a class=\"wp-block-button__link has-very-light-gray-color has-vivid-red-background-color has-text-color has-background\" href=\"mailto:m.koral@ccendustriyel.com\" style=\"border-radius:7px\">Bug\u00fcn Bize E-posta G\u00f6nderin<\/a><\/div>\n<\/div><\/div>\n<\/div><\/div>\n\n\n\n<p><\/p>\n\n\n\n<p><\/p>","protected":false},"excerpt":{"rendered":"<p>The Challenging World of New Tyre Development Testsby Mehmet Koral Read Mehmet Koral&#8217;s cover story in the April edition of TyreTrends magazine detailing the development and testing process for tyres in the modern age and into the future. The safe and reliable driving of any vehicle is a resultant of the vehicle, its tyres, and<\/p>\n<p><a href=\"https:\/\/www.ccendustriyel.com\/tr\/\" class=\"more-link themebutton\">Read More<\/a><\/p>","protected":false},"author":1,"featured_media":0,"parent":0,"menu_order":0,"comment_status":"closed","ping_status":"closed","template":"","meta":{"footnotes":""},"class_list":["post-5","page","type-page","status-publish","hentry"],"_links":{"self":[{"href":"https:\/\/www.ccendustriyel.com\/tr\/wp-json\/wp\/v2\/pages\/5","targetHints":{"allow":["GET"]}}],"collection":[{"href":"https:\/\/www.ccendustriyel.com\/tr\/wp-json\/wp\/v2\/pages"}],"about":[{"href":"https:\/\/www.ccendustriyel.com\/tr\/wp-json\/wp\/v2\/types\/page"}],"author":[{"embeddable":true,"href":"https:\/\/www.ccendustriyel.com\/tr\/wp-json\/wp\/v2\/users\/1"}],"replies":[{"embeddable":true,"href":"https:\/\/www.ccendustriyel.com\/tr\/wp-json\/wp\/v2\/comments?post=5"}],"version-history":[{"count":70,"href":"https:\/\/www.ccendustriyel.com\/tr\/wp-json\/wp\/v2\/pages\/5\/revisions"}],"predecessor-version":[{"id":534,"href":"https:\/\/www.ccendustriyel.com\/tr\/wp-json\/wp\/v2\/pages\/5\/revisions\/534"}],"wp:attachment":[{"href":"https:\/\/www.ccendustriyel.com\/tr\/wp-json\/wp\/v2\/media?parent=5"}],"curies":[{"name":"wp","href":"https:\/\/api.w.org\/{rel}","templated":true}]}}