{"id":57,"date":"2020-05-12T18:13:47","date_gmt":"2020-05-12T18:13:47","guid":{"rendered":"http:\/\/solutionpack.comtime.com\/?page_id=57"},"modified":"2021-02-01T08:43:41","modified_gmt":"2021-02-01T13:43:41","slug":"partner-companies","status":"publish","type":"page","link":"https:\/\/www.ccendustriyel.com\/tr\/partner-companies\/","title":{"rendered":"Partner \u015eirketler"},"content":{"rendered":"<p class=\"has-text-align-center\">C&amp;C Core Competence Industrial Consultancy is the Exclusive Representative for tire manufacturers in Turkey to the following companies. If you want the best Tire Technology, C&amp;C is the only choice.<\/p>\n\n\n\n<div class=\"wp-block-group alignwide\"><div class=\"wp-block-group__inner-container is-layout-flow wp-block-group-is-layout-flow\">\n<div class=\"wp-block-image\"><figure class=\"alignright size-large\"><img loading=\"lazy\" decoding=\"async\" width=\"500\" height=\"402\" src=\"https:\/\/www.ccendustriyel.com\/wp-content\/uploads\/2020\/06\/herbert-photo2.jpg\" alt=\"\" class=\"wp-image-223\" srcset=\"https:\/\/www.ccendustriyel.com\/wp-content\/uploads\/2020\/06\/herbert-photo2.jpg 500w, https:\/\/www.ccendustriyel.com\/wp-content\/uploads\/2020\/06\/herbert-photo2-300x241.jpg 300w\" sizes=\"auto, (max-width: 500px) 100vw, 500px\" \/><\/figure><\/div>\n<\/div><\/div>\n\n\n\n<p><strong>HERBERT Maschinenbau GmbH &amp; Co. AG | Germany<\/strong><\/p>\n\n\n\n<p>HERBERT\u00ae, 1905'ten beri d\u00fcnyadaki t\u00fcm lastik \u00fcreticilerine lastik \u00fcretimi i\u00e7in makineler, kal\u0131plar, lastik kal\u0131p kaplar\u0131, lastik yap\u0131m tamburlar\u0131 ve di\u011fer aletler tedarik etmektedir.<\/p>\n\n\n\n<p>Products:<\/p>\n\n\n\n<ul class=\"wp-block-list\"><li>Lastik Kal\u0131plar\u0131<\/li><li>Mold Containers<\/li><li>Lastik Pi\u015firme Presleri<\/li><li>Lastik \u0130mal Makineleri<\/li><li>Pi\u015firme Sonras\u0131 \u015eartland\u0131rma<\/li><li>Lastik \u0130malat Tamburlar\u0131<\/li><li>Pi\u015firme Torbas\u0131 Kal\u0131plar\u0131<\/li><li>Bladder Curing Presses<\/li><\/ul>\n\n\n\n<div class=\"wp-block-image\"><figure class=\"alignright size-large is-resized\"><img loading=\"lazy\" decoding=\"async\" src=\"https:\/\/www.ccendustriyel.com\/wp-content\/uploads\/2020\/11\/asm-hasbach-photo2.jpg\" alt=\"\" class=\"wp-image-398\" width=\"375\" height=\"302\" srcset=\"https:\/\/www.ccendustriyel.com\/wp-content\/uploads\/2020\/11\/asm-hasbach-photo2.jpg 500w, https:\/\/www.ccendustriyel.com\/wp-content\/uploads\/2020\/11\/asm-hasbach-photo2-300x241.jpg 300w, https:\/\/www.ccendustriyel.com\/wp-content\/uploads\/2020\/11\/asm-hasbach-photo2-16x12.jpg 16w\" sizes=\"auto, (max-width: 375px) 100vw, 375px\" \/><\/figure><\/div>\n\n\n\n<hr class=\"wp-block-separator has-text-color has-background has-vivid-red-background-color has-vivid-red-color is-style-wide\"\/>\n\n\n\n<p><strong>ASM-Hasbach | USA<\/strong><\/p>\n\n\n\n<p>PC \/ LT, Kamyon \/ Otob\u00fcs ve Motosiklet lastiklerini test etmek i\u00e7in Lastik Laboratuvar\u0131 Test Makineleri<\/p>\n\n\n\n<p>Products:<\/p>\n\n\n\n<ul class=\"wp-block-list\"><li>Yuvarlanma Direnci Testi<\/li><li>Lastik Karakteri (Kuvvet ve Moment)  Testleri<\/li><li>Dayan\u0131kl\u0131l\u0131k Testleri<\/li><li>Run Flat<\/li><li>Tire Noise<\/li><li>Y\u00fcksek H\u0131zda \u00dcniformite (D\u00fczg\u00fcnl\u00fck) Testleri<\/li><\/ul>\n\n\n\n<hr class=\"wp-block-separator has-text-color has-background has-vivid-red-background-color has-vivid-red-color is-style-wide\"\/>\n\n\n\n<div class=\"wp-block-image\"><figure class=\"alignright size-large is-resized\"><img loading=\"lazy\" decoding=\"async\" src=\"https:\/\/www.ccendustriyel.com\/wp-content\/uploads\/2020\/06\/asm-photo2.jpg\" alt=\"\" class=\"wp-image-220\" width=\"375\" height=\"302\" srcset=\"https:\/\/www.ccendustriyel.com\/wp-content\/uploads\/2020\/06\/asm-photo2.jpg 500w, https:\/\/www.ccendustriyel.com\/wp-content\/uploads\/2020\/06\/asm-photo2-300x241.jpg 300w\" sizes=\"auto, (max-width: 375px) 100vw, 375px\" \/><\/figure><\/div>\n\n\n\n<p><strong>ASM | USA<\/strong><\/p>\n\n\n\n<p>PC \/ LT, Kamyon \/ Otob\u00fcs ve Motosiklet lastiklerini test etmek i\u00e7in Nihai Biti\u015f Test Makineleri.<\/p>\n\n\n\n<p>Products:<\/p>\n\n\n\n<ul class=\"wp-block-list\"><li>Uniformity<\/li><li>Sidewall \/ Geometry Testing<\/li><li>Topukta S\u0131rtta Flash Alma\/ Lastik Profiline Uygun Ta\u015flama<\/li><li>Remanufacturing<\/li><li>Spare \/ Replacement Parts<\/li><li>Tire Runout<\/li><\/ul>\n\n\n\n<hr class=\"wp-block-separator has-text-color has-background has-vivid-red-background-color has-vivid-red-color is-style-wide\"\/>\n\n\n\n<div class=\"wp-block-image\"><figure class=\"alignright size-large is-resized\"><img loading=\"lazy\" decoding=\"async\" src=\"https:\/\/www.ccendustriyel.com\/wp-content\/uploads\/2020\/05\/cti-photo.jpg\" alt=\"\" class=\"wp-image-88\" width=\"375\" height=\"302\" srcset=\"https:\/\/www.ccendustriyel.com\/wp-content\/uploads\/2020\/05\/cti-photo.jpg 500w, https:\/\/www.ccendustriyel.com\/wp-content\/uploads\/2020\/05\/cti-photo-300x241.jpg 300w\" sizes=\"auto, (max-width: 375px) 100vw, 375px\" \/><\/figure><\/div>\n\n\n\n<p><strong>CTI |USA<\/strong><\/p>\n\n\n\n<p>Integration of custom software technology in the tire manufacturing process, and factory floor management.<\/p>\n\n\n\n<p>Products:<\/p>\n\n\n\n<ul class=\"wp-block-list\"><li>TTOC6 Testing Controller<\/li><li>TDAQ \u2013 Tire Data Acquisition<\/li><li>TSAS \u2013 Tire Sidewall Analysis System<\/li><li>FFH \u2013 Final Finish Host Software<\/li><li>TFFIS \u2013 Tire Factory Floor Information System<\/li><li>TWave \u2013 Tire Waveform Analysis<br><\/li><\/ul>\n\n\n\n<hr class=\"wp-block-separator has-text-color has-background has-vivid-red-background-color has-vivid-red-color is-style-wide\"\/>\n\n\n\n<div class=\"wp-block-image\"><figure class=\"alignright size-large is-resized\"><img loading=\"lazy\" decoding=\"async\" src=\"https:\/\/www.ccendustriyel.com\/wp-content\/uploads\/2020\/06\/cyXplus-photo2.jpg\" alt=\"\" class=\"wp-image-222\" width=\"355\" height=\"285\" srcset=\"https:\/\/www.ccendustriyel.com\/wp-content\/uploads\/2020\/06\/cyXplus-photo2.jpg 500w, https:\/\/www.ccendustriyel.com\/wp-content\/uploads\/2020\/06\/cyXplus-photo2-300x241.jpg 300w\" sizes=\"auto, (max-width: 355px) 100vw, 355px\" \/><\/figure><\/div>\n\n\n\n<p><strong>CyXplus | France<\/strong><\/p>\n\n\n\n<p>Products:<\/p>\n\n\n\n<ul class=\"wp-block-list\"><li>CyXscan Cross <\/li><li>Section Analysis System<\/li><li>X-Ray Muayene Makineleri<\/li><li>CyXpert Automatic Defect Detection<\/li><li>2D Computer Tomography<\/li><\/ul>\n\n\n\n<p>.<\/p>\n\n\n\n<hr class=\"wp-block-separator has-text-color has-background has-vivid-red-background-color has-vivid-red-color is-style-wide\"\/>\n\n\n\n<div class=\"wp-block-image\"><figure class=\"alignright size-large is-resized\"><img loading=\"lazy\" decoding=\"async\" src=\"https:\/\/www.ccendustriyel.com\/wp-content\/uploads\/2020\/06\/Lat-off_frei.jpg\" alt=\"\" class=\"wp-image-247\" width=\"375\" height=\"227\" srcset=\"https:\/\/www.ccendustriyel.com\/wp-content\/uploads\/2020\/06\/Lat-off_frei.jpg 500w, https:\/\/www.ccendustriyel.com\/wp-content\/uploads\/2020\/06\/Lat-off_frei-300x182.jpg 300w\" sizes=\"auto, (max-width: 375px) 100vw, 375px\" \/><\/figure><\/div>\n\n\n\n<p><strong>Erhardt+Leimer | Germany<\/strong><\/p>\n\n\n\n<p>Products:<\/p>\n\n\n\n<ul class=\"wp-block-list\"><li>Kordbezi Kalender Hatt\u0131<\/li><li>Yanak \u00c7ekme Ekstruder Hatt\u0131<\/li><li>\u00c7elik Ku\u015fak\/G\u00f6vde Kat\u0131 Kesme hatt\u0131<\/li><li>Tekstil Katbezi Kesme hatt\u0131<\/li><li>\u00c7elik Katbezi Kalender Hatt\u0131<\/li><li>Lastik Kordbezi Terbiye Hatt\u0131<\/li><\/ul>\n\n\n\n<hr class=\"wp-block-separator has-text-color has-background has-vivid-red-background-color has-vivid-red-color is-style-wide\"\/>\n\n\n\n<div class=\"wp-block-image\"><figure class=\"alignright size-large is-resized\"><img loading=\"lazy\" decoding=\"async\" src=\"https:\/\/www.ccendustriyel.com\/wp-content\/uploads\/2020\/11\/zeiss.jpg\" alt=\"\" class=\"wp-image-441\" width=\"300\" height=\"137\"\/><\/figure><\/div>\n\n\n\n<p><strong>ZEISS | Germany<\/strong><\/p>\n\n\n\n<p>Examining things, getting to the bottom of them, right down to their core \u2013 this desire has always driven science, research and development. X-ray technology from ZEISS has not only provided the perfect perspective for years. In quality and process control, too, this reveals non-destructively what would otherwise remain hidden from even the most vigilant eyes.<\/p>\n\n\n\n<ul class=\"wp-block-list\"><li>CT for automated testing and measuring in 3D<\/li><li>2D X-ray inspection in production<\/li><li>3D X-ray microscopy for submicron imaging of intact samples<\/li><\/ul>\n\n\n\n<p>     <\/p>\n\n\n\n<hr class=\"wp-block-separator has-text-color has-background has-vivid-red-background-color has-vivid-red-color is-style-wide\"\/>\n\n\n\n<div class=\"wp-block-image\"><figure class=\"alignright size-large is-resized\"><img loading=\"lazy\" decoding=\"async\" src=\"https:\/\/www.ccendustriyel.com\/wp-content\/uploads\/2020\/06\/tst-photo2.jpg\" alt=\"\" class=\"wp-image-225\" width=\"375\" height=\"302\" srcset=\"https:\/\/www.ccendustriyel.com\/wp-content\/uploads\/2020\/06\/tst-photo2.jpg 500w, https:\/\/www.ccendustriyel.com\/wp-content\/uploads\/2020\/06\/tst-photo2-300x241.jpg 300w\" sizes=\"auto, (max-width: 375px) 100vw, 375px\" \/><\/figure><\/div>\n\n\n\n<p><strong>TST Tianjin Saixiang Technology| China<\/strong><\/p>\n\n\n\n<p>Products:<\/p>\n\n\n\n<ul class=\"wp-block-list\"><li>Extrusion Line<\/li><li>Calendaring Line<\/li><li>Cutting Line<\/li><li>Lastik \u0130mal Makineleri<\/li><li>Curing Line<\/li><li>Otomatik Y\u00f6nlendirilen Ara\u00e7 Sistemleri (AGV)<\/li><\/ul>\n\n\n\n<p>  <\/p>\n\n\n\n<hr class=\"wp-block-separator has-text-color has-background has-vivid-red-background-color has-vivid-red-color is-style-wide\"\/>\n\n\n\n<div class=\"wp-block-image\"><figure class=\"alignright size-large is-resized\"><img loading=\"lazy\" decoding=\"async\" src=\"https:\/\/www.ccendustriyel.com\/wp-content\/uploads\/2020\/06\/rjs-photo2.jpg\" alt=\"\" class=\"wp-image-224\" width=\"375\" height=\"302\" srcset=\"https:\/\/www.ccendustriyel.com\/wp-content\/uploads\/2020\/06\/rjs-photo2.jpg 500w, https:\/\/www.ccendustriyel.com\/wp-content\/uploads\/2020\/06\/rjs-photo2-300x241.jpg 300w\" sizes=\"auto, (max-width: 375px) 100vw, 375px\" \/><\/figure><\/div>\n\n\n\n<p><strong>RJS Corporation | USA<\/strong><\/p>\n\n\n\n<p>Products:<\/p>\n\n\n\n<ul class=\"wp-block-list\"><li>Creel Sistemleri<\/li><li>Creel Ekipmanlar\u0131<\/li><li>Gerginlik Kontrol Ediciler<\/li><li>Konvey\u00f6r Bant Y\u00f6netim  Sistemleri<\/li><\/ul>","protected":false},"excerpt":{"rendered":"<p>C&amp;C Core Competence Industrial Consultancy is the Exclusive Representative for tire manufacturers in Turkey to the following companies. If you want the best Tire Technology, C&amp;C is the only choice. HERBERT Maschinenbau GmbH &amp; Co. AG | Germany HERBERT\u00ae supplies machines, molds, tire mold containers, tire building drums and other toolings for the production of<\/p>\n<p><a href=\"https:\/\/www.ccendustriyel.com\/tr\/partner-companies\/\" class=\"more-link themebutton\">Read More<\/a><\/p>","protected":false},"author":1,"featured_media":0,"parent":0,"menu_order":0,"comment_status":"closed","ping_status":"closed","template":"","meta":{"footnotes":""},"class_list":["post-57","page","type-page","status-publish","hentry"],"_links":{"self":[{"href":"https:\/\/www.ccendustriyel.com\/tr\/wp-json\/wp\/v2\/pages\/57","targetHints":{"allow":["GET"]}}],"collection":[{"href":"https:\/\/www.ccendustriyel.com\/tr\/wp-json\/wp\/v2\/pages"}],"about":[{"href":"https:\/\/www.ccendustriyel.com\/tr\/wp-json\/wp\/v2\/types\/page"}],"author":[{"embeddable":true,"href":"https:\/\/www.ccendustriyel.com\/tr\/wp-json\/wp\/v2\/users\/1"}],"replies":[{"embeddable":true,"href":"https:\/\/www.ccendustriyel.com\/tr\/wp-json\/wp\/v2\/comments?post=57"}],"version-history":[{"count":53,"href":"https:\/\/www.ccendustriyel.com\/tr\/wp-json\/wp\/v2\/pages\/57\/revisions"}],"predecessor-version":[{"id":498,"href":"https:\/\/www.ccendustriyel.com\/tr\/wp-json\/wp\/v2\/pages\/57\/revisions\/498"}],"wp:attachment":[{"href":"https:\/\/www.ccendustriyel.com\/tr\/wp-json\/wp\/v2\/media?parent=57"}],"curies":[{"name":"wp","href":"https:\/\/api.w.org\/{rel}","templated":true}]}}