{"id":7,"date":"2020-04-20T14:55:28","date_gmt":"2020-04-20T14:55:28","guid":{"rendered":"http:\/\/solutionpack.comtime.com\/?page_id=7"},"modified":"2021-03-19T11:59:24","modified_gmt":"2021-03-19T15:59:24","slug":"contact","status":"publish","type":"page","link":"https:\/\/www.ccendustriyel.com\/tr\/contact\/","title":{"rendered":"\u0130leti\u015fim"},"content":{"rendered":"<figure class=\"wp-block-table is-style-stripes\"><table><tbody><tr><td><img loading=\"lazy\" decoding=\"async\" width=\"500\" height=\"366\" class=\"wp-image-525\" style=\"width: 500px;\" src=\"G\u00f6ztepe, \u0130stanbul Merkez Ofisimiz\" alt=\"\" srcset=\"\" sizes=\"auto, (max-width: 500px) 100vw, 500px\" data-srcset=\"\" \/><\/td><td><iframe src=\"https:\/\/www.google.com\/maps\/embed?pb=!1m18!1m12!1m3!1d3012.3339959625737!2d29.064117451157287!3d40.9741667293702!2m3!1f0!2f0!3f0!3m2!1i1024!2i768!4f13.1!3m3!1m2!1s0x14cac79ed876d995%3A0x2cb5688b63b9f654!2zR8O2enRlcGUsIFRhbnppbWF0IFNrLiBObzo1MiwgMzQ3MzAgS2FkxLFrw7Z5L8Swc3RhbmJ1bCwgVHVya2V5!5e0!3m2!1sen!2sus!4v1615815903439!5m2!1sen!2sus\" width=\"600\" height=\"450\" style=\"border:0;\" allowfullscreen=\"\" loading=\"lazy\"><\/iframe><\/td><\/tr><\/tbody><\/table><\/figure>\n\n\n\n<p>C&amp;C Core Competence End\u00fcstriyel Dan\u0131\u015fmanl\u0131k, E\u011fitim ve Temsilcilik Ltd. \u0130stanbul T\u00fcrkiye merkezli olup T\u00fcrkiye ve M\u0131s\u0131r'daki lastik ve kau\u00e7uk end\u00fcstrisini temsil etmektedir.  <\/p>\n\n\n\n<p><\/p>\n\n\n\n<p><strong>Ki\u015fisel bilgileriniz bizimle g\u00fcvende! A\u015fa\u011f\u0131daki ileti\u015fim formundaki bilgileri yaln\u0131zca arad\u0131\u011f\u0131n\u0131z \u00e7\u00f6z\u00fcmleri sa\u011flamak ve ortak \u015firketlerle yaz\u0131\u015fmak i\u00e7in topluyor ve sakl\u0131yoruz. Verilerinizi asla ba\u015fka bir ama\u00e7la satmayaca\u011f\u0131z, ticaretini yapmayaca\u011f\u0131z veya ba\u015fkalar\u0131na vermeyece\u011fiz.<\/strong><br><br>L\u00fctfen do\u011frudan C&amp;C ile ileti\u015fime ge\u00e7mek i\u00e7in a\u015fa\u011f\u0131daki formu kullan\u0131n; bir temsilci m\u00fcmk\u00fcn olan en k\u0131sa s\u00fcrede size geri d\u00f6necektir.<\/p>\n\n\n<div class=\"wpforms-container wpforms-container-full\" id=\"wpforms-54\"><form id=\"wpforms-form-54\" class=\"wpforms-validate wpforms-form\" data-formid=\"54\" method=\"post\" enctype=\"multipart\/form-data\" action=\"\/tr\/wp-json\/wp\/v2\/pages\/7\" data-token=\"d4d9db5d28fb537a20145276c9ce775a\" data-trp-original-action=\"\/tr\/wp-json\/wp\/v2\/pages\/7\"><noscript class=\"wpforms-error-noscript\">Please enable JavaScript in your browser to complete this form.<\/noscript><div class=\"wpforms-field-container\"><div id=\"wpforms-54-field_0-container\" class=\"wpforms-field wpforms-field-name\" data-field-id=\"0\"><label class=\"wpforms-field-label\" for=\"wpforms-54-field_0\">\u0130sim <span class=\"wpforms-required-label\">*<\/span><\/label><div class=\"wpforms-field-row wpforms-field-medium\"><div class=\"wpforms-field-row-block wpforms-first wpforms-one-half\"><input type=\"text\" id=\"wpforms-54-field_0\" class=\"wpforms-field-name-first wpforms-field-required\" name=\"wpforms[fields][0][first]\" required><label for=\"wpforms-54-field_0\" class=\"wpforms-field-sublabel after\">First<\/label><\/div><div class=\"wpforms-field-row-block wpforms-one-half\"><input type=\"text\" id=\"wpforms-54-field_0-last\" class=\"wpforms-field-name-last wpforms-field-required\" name=\"wpforms[fields][0][last]\" required><label for=\"wpforms-54-field_0-last\" class=\"wpforms-field-sublabel after\">Last<\/label><\/div><\/div><\/div><div id=\"wpforms-54-field_3-container\" class=\"wpforms-field wpforms-field-text\" data-field-id=\"3\"><label class=\"wpforms-field-label\" for=\"wpforms-54-field_3\">i\u015f ad\u0131<\/label><input type=\"text\" id=\"wpforms-54-field_3\" class=\"wpforms-field-medium\" name=\"wpforms[fields][3]\" ><\/div><div id=\"wpforms-54-field_1-container\" class=\"wpforms-field wpforms-field-email\" data-field-id=\"1\"><label class=\"wpforms-field-label\" for=\"wpforms-54-field_1\">Eposta <span class=\"wpforms-required-label\">*<\/span><\/label><input type=\"email\" id=\"wpforms-54-field_1\" class=\"wpforms-field-medium wpforms-field-required\" name=\"wpforms[fields][1]\" required><\/div><div id=\"wpforms-54-field_2-container\" class=\"wpforms-field wpforms-field-textarea\" data-field-id=\"2\"><label class=\"wpforms-field-label\" for=\"wpforms-54-field_2\">Yorum veya Mesaj <span class=\"wpforms-required-label\">*<\/span><\/label><textarea id=\"wpforms-54-field_2\" class=\"wpforms-field-medium wpforms-field-required\" name=\"wpforms[fields][2]\" required><\/textarea><\/div><\/div><div class=\"wpforms-field wpforms-field-hp\"><label for=\"wpforms-54-field-hp\" class=\"wpforms-field-label\">Message<\/label><input type=\"text\" name=\"wpforms[hp]\" id=\"wpforms-54-field-hp\" class=\"wpforms-field-medium\"><\/div><div class=\"wpforms-submit-container\"><input type=\"hidden\" name=\"wpforms[id]\" value=\"54\"><input type=\"hidden\" name=\"wpforms[author]\" value=\"1\"><button type=\"submit\" name=\"wpforms[submit]\" id=\"wpforms-submit-54\" class=\"wpforms-submit\" data-alt-text=\"Sending...\" data-submit-text=\"Submit\" aria-live=\"assertive\" value=\"wpforms-submit\">G\u00f6nder<\/button><\/div><input type=\"hidden\" name=\"trp-form-language\" value=\"tr\"\/><\/form><\/div>  <!-- .wpforms-container -->\n\n\n<p><\/p>","protected":false},"excerpt":{"rendered":"<p>C&amp;C&nbsp;Core Competence Industrial Consultancy, Training and Representation LLC. is based in Istanbul Turkey and represents the tire and rubber industry in Turkey and Egypt. Your personal information is safe with us! We collect and store information from the following contact form only to correspond with partner companies to provide the solutions that you are looking<\/p>\n<p><a href=\"https:\/\/www.ccendustriyel.com\/tr\/contact\/\" class=\"more-link themebutton\">Read More<\/a><\/p>","protected":false},"author":1,"featured_media":0,"parent":0,"menu_order":0,"comment_status":"closed","ping_status":"closed","template":"","meta":{"footnotes":""},"class_list":["post-7","page","type-page","status-publish","hentry"],"_links":{"self":[{"href":"https:\/\/www.ccendustriyel.com\/tr\/wp-json\/wp\/v2\/pages\/7","targetHints":{"allow":["GET"]}}],"collection":[{"href":"https:\/\/www.ccendustriyel.com\/tr\/wp-json\/wp\/v2\/pages"}],"about":[{"href":"https:\/\/www.ccendustriyel.com\/tr\/wp-json\/wp\/v2\/types\/page"}],"author":[{"embeddable":true,"href":"https:\/\/www.ccendustriyel.com\/tr\/wp-json\/wp\/v2\/users\/1"}],"replies":[{"embeddable":true,"href":"https:\/\/www.ccendustriyel.com\/tr\/wp-json\/wp\/v2\/comments?post=7"}],"version-history":[{"count":17,"href":"https:\/\/www.ccendustriyel.com\/tr\/wp-json\/wp\/v2\/pages\/7\/revisions"}],"predecessor-version":[{"id":536,"href":"https:\/\/www.ccendustriyel.com\/tr\/wp-json\/wp\/v2\/pages\/7\/revisions\/536"}],"wp:attachment":[{"href":"https:\/\/www.ccendustriyel.com\/tr\/wp-json\/wp\/v2\/media?parent=7"}],"curies":[{"name":"wp","href":"https:\/\/api.w.org\/{rel}","templated":true}]}}